{"id":14734,"date":"2021-10-29T08:52:12","date_gmt":"2021-10-29T08:52:12","guid":{"rendered":"http:\/\/localhost\/construction\/?page_id=14734"},"modified":"2025-03-15T18:18:06","modified_gmt":"2025-03-15T18:18:06","slug":"team","status":"publish","type":"page","link":"https:\/\/test.stavoprojekta.cz\/index.php\/team\/","title":{"rendered":"Team"},"content":{"rendered":"\t\t<div data-elementor-type=\"wp-page\" data-elementor-id=\"14734\" class=\"elementor elementor-14734\" data-elementor-post-type=\"page\">\n\t\t\t\t\t\t<section class=\"elementor-section elementor-top-section elementor-element elementor-element-df2610d elementor-section-boxed elementor-section-height-default elementor-section-height-default\" data-id=\"df2610d\" data-element_type=\"section\">\n\t\t\t\t\t\t<div class=\"elementor-container elementor-column-gap-default\">\n\t\t\t\t\t<div class=\"elementor-column elementor-col-100 elementor-top-column elementor-element elementor-element-069dd6b\" data-id=\"069dd6b\" data-element_type=\"column\">\n\t\t\t<div class=\"elementor-widget-wrap elementor-element-populated\">\n\t\t\t\t\t\t<div class=\"elementor-element elementor-element-332a05d bariplan-star-rating--align-center elementor-widget elementor-widget-witr_section_title\" data-id=\"332a05d\" data-element_type=\"widget\" data-widget_type=\"witr_section_title.default\">\n\t\t\t\t<div class=\"elementor-widget-container\">\n\t\t\t\t\t\t\t\t\t\t<!-- title center -->\n\t\t\t\t\t<div class=\"witr_section_title\">\n\t\t\t\t\t\t<div class=\"witr_section_title_inner text-center\">\n\n\t\t\t\t\t\t\t<!-- icon position -->\n\t\t\t\t\t\t\t\t\n\t\t\t\t\t\t\t<!-- end icon position -->\n\t\t\t\t\t\t\t\n\t\t\t\t\t\t\n\t\t\t\t\t\t\t<!-- title top -->\n\t\t\t\t\t\t\t\t\t\t\t\t\t\t\t<h2>OUR MEMBER\n<\/h2>\t\t\n\t\t\t\t\t\t\t\n\n\t\t\t\t\t\t\t<!-- icon position -->\n\t\t\t\t\t\t\t\t\n\t\t\t\t\t\t\t<!-- end icon position -->\n\n\n\t\t\t\t\t\t\t\n\t\t\t\t\t\t\t<!-- title middle -->\n\t\t\t\t\t\t\t\t\t\t\t\t\t\t\t<h3>Project Team Member\n<\/h3>\t\t\n\t\t\t\t\t\t\t\t\t\t\t\t\t\t<!-- title bottom -->\n\t\t\t\t\t\t\t\n\t\t\t\t\t\t\t\n\t\t\t\t\t\t\t\n\t\t\t\t\t\t\t\t\t\t\t\t\t\t\n\t\t\t\t\t\t\t<!-- image -->\n\t\t\t\t\t\t\t\t\t\t\t\t\t\t<!-- icon -->\n\t\t\t\t\t\t\t\t\t\t\t\t\t\t\n\t\t\t\t\t\t\t<!-- bar -->\n\t\t\t\t\t\t\t\t\t\t\t\t\t\t<!-- circle bar -->\n\t\t\t\t\t\t\t\t\t\t\t\t\t\t\n\t\t\t\t\t\t\t\t\n\t\t\t\t\t\t\t\n\n\t\t\t\t\t\t\t\n\t\t\t\t\t\t\t<!-- content -->\n\t\t\t\t\t\t\t\t\t\t\t\t\t\t\n\t\t\t\t\t\t<\/div>\n\t\t\t\t\t\t\t<!-- inner title -->\n\t\t\t\t\t\t\t\t\t\t\t\t\t\n\t\t\t\t\t<\/div>\n\n\t\t\t\t\t\t\t\t<\/div>\n\t\t\t\t<\/div>\n\t\t\t\t<div class=\"elementor-element elementor-element-c422ffe elementor-widget elementor-widget-witr_post_team_section\" data-id=\"c422ffe\" data-element_type=\"widget\" data-widget_type=\"witr_post_team_section.default\">\n\t\t\t\t<div class=\"elementor-widget-container\">\n\t\t\t\t\t\t\t\t\n\t\t\t<div class=\"witr_team_area_c\">\n\t\t\t\t<div class=\"row postteam_idteam\">\n\t\t\t\t\t\t\t\t\t\t\t\n\t\t\t\t\t\t\t<!-- single blog -->\n\t\t\t\t\t\t\t<div class=\"witr_all_mb_30   col-md-12 col-xs-12 col-sm-12 col-lg-12\" >\n\t\t\t\t\t\t\t\t<div id=\"post-4311\" class=\"post-4311 em_team type-em_team status-publish has-post-thumbnail hentry\">\n\t\t\t\t\t\t\t\t\t<div class=\"team-part all_color_team \">\n\t\t\t\t\t\t\t\t\t\t<div class=\"witr_team_section\">\n\t\t\t\t\t\t\t\t\t\t\t\t\t\t\t\t\t\t\t\t\t\t<!-- image -->\n\t\t\t\t\t\t\t\t\t\t\t<img fetchpriority=\"high\" decoding=\"async\" width=\"1804\" height=\"1531\" src=\"https:\/\/test.stavoprojekta.cz\/wp-content\/uploads\/2025\/03\/e62143f8-a721-40e3-935f-53b75daa2bf5.png\" class=\"attachment-post-thumbnail size-post-thumbnail wp-post-image\" alt=\"\" srcset=\"https:\/\/test.stavoprojekta.cz\/wp-content\/uploads\/2025\/03\/e62143f8-a721-40e3-935f-53b75daa2bf5.png 1804w, https:\/\/test.stavoprojekta.cz\/wp-content\/uploads\/2025\/03\/e62143f8-a721-40e3-935f-53b75daa2bf5-300x255.png 300w, https:\/\/test.stavoprojekta.cz\/wp-content\/uploads\/2025\/03\/e62143f8-a721-40e3-935f-53b75daa2bf5-1024x869.png 1024w, https:\/\/test.stavoprojekta.cz\/wp-content\/uploads\/2025\/03\/e62143f8-a721-40e3-935f-53b75daa2bf5-768x652.png 768w, https:\/\/test.stavoprojekta.cz\/wp-content\/uploads\/2025\/03\/e62143f8-a721-40e3-935f-53b75daa2bf5-1536x1304.png 1536w\" sizes=\"(max-width: 1804px) 100vw, 1804px\" \/>\t\t\t\t\t\t\t\t\t\t\t\t\t\t\t\t\t\t\t\t\t\t<div class=\"team_o_icon all_team_icon_o_color\">\n\t\t\t\t\t\t\t\t\t\t\t\t<ul class=\"witr_pots_team_s\">\n\t\t\t\t\t\t\t\t\t\t\t\t\t\t\t\t\t\t\t\t\t\t\t\t\n\t\t\t\t\t\t\t\t\t\t\t\t\t\t<li>\n\t\t\t\t\t\t\t\t\t\t\t\t\t\t\t<a href=\"#\"><i class=\"icofont-facebook\"><\/i><\/a>\t\t\t\n\t\t\t\t\t\t\t\t\t\t\t\t\t\t<\/li>\t\t\t\t\t\t\t\t\t\t\t\t\n\t\t\t\t\t\t\t\t\t\t\t\t\t\t\t\t\t\t\t\t\t\t\t\t\n\t\t\t\t\t\t\t\t\t\t\t\t\t\t<li>\n\t\t\t\t\t\t\t\t\t\t\t\t\t\t\t<a href=\"#\"><i class=\"icofont-x\"><\/i><\/a>\t\t\t\n\t\t\t\t\t\t\t\t\t\t\t\t\t\t<\/li>\t\t\t\t\t\t\t\t\t\t\t\t\n\t\t\t\t\t\t\t\t\t\t\t\t\t\t\t\t\t\t\t\t\t\t\t\t\n\t\t\t\t\t\t\t\t\t\t\t\t\t\t<li>\n\t\t\t\t\t\t\t\t\t\t\t\t\t\t\t<a href=\"#\"><i class=\"icofont-tumblr\"><\/i><\/a>\t\t\t\n\t\t\t\t\t\t\t\t\t\t\t\t\t\t<\/li>\t\t\t\t\t\t\t\t\t\t\t\t\n\t\t\t\t\t\t\t\t\t\t\t\t\t\t\t\t\t\t\t\t\t\t\t\t\t\n\t\t\t\t\t\t\t\t\t\t\t\t<\/ul>\t\t\t\t\t\t\t\t\t\t\t\t\t\t\t\n\t\t\t\t\t\t\t\t\t\t\t<\/div>\n\t\t\t\t\t\t\t\t\t\t<\/div> <!-- team sec -->\n\t\t\t\t\t\t\t\t\t\t<div class=\"witr_team_content all_content_bg_color text-center\">\n\t\t\t\t\t\t\t\t\t\t\t<!-- title -->\n\t\t\t\t\t\t\t\t\t\t\t<h5><a href=\"https:\/\/test.stavoprojekta.cz\/index.php\/em_team\/rayhan-khan\/\">Rayhan Khan <\/a><\/h5>\n\t\t\t\t\t\t\t\t\t\t\t<!-- sub title -->\n\t\t\t\t\t\t\t\t\t\t\t\t\t\t\t\t\t\t\t\t\t\t\t<span>Team Leder <\/span>\t\n\t\t\t\t\t\t\t\t\t\t\t\t\t\t\t\t\t\t\t\t\t\t\n\t\t\t\t\t\t\t\t\t\t\t\n\t\t\t\t\t\t\t\t\t\t<\/div>\n\t\t\t\n\t\t\t\t\t\t\t\t\t<\/div>\t\t\t\t\t\t\t\t\n\t\t\t\t\t\t\t\t<\/div>\n\t\t\t\t\t\t\t<\/div>\t\t\t\t\t\t\n\n\t\t\t\t\t\t\t\t\t\t\t\n\t\t\t\t\t\t\t<!-- single blog -->\n\t\t\t\t\t\t\t<div class=\"witr_all_mb_30   col-md-12 col-xs-12 col-sm-12 col-lg-12\" >\n\t\t\t\t\t\t\t\t<div id=\"post-4307\" class=\"post-4307 em_team type-em_team status-publish has-post-thumbnail hentry\">\n\t\t\t\t\t\t\t\t\t<div class=\"team-part all_color_team \">\n\t\t\t\t\t\t\t\t\t\t<div class=\"witr_team_section\">\n\t\t\t\t\t\t\t\t\t\t\t\t\t\t\t\t\t\t\t\t\t\t<!-- image -->\n\t\t\t\t\t\t\t\t\t\t\t<img decoding=\"async\" width=\"354\" height=\"321\" src=\"https:\/\/test.stavoprojekta.cz\/wp-content\/uploads\/2025\/03\/Bez-nazvu-123.png\" class=\"attachment-post-thumbnail size-post-thumbnail wp-post-image\" alt=\"\" srcset=\"https:\/\/test.stavoprojekta.cz\/wp-content\/uploads\/2025\/03\/Bez-nazvu-123.png 354w, https:\/\/test.stavoprojekta.cz\/wp-content\/uploads\/2025\/03\/Bez-nazvu-123-300x272.png 300w\" sizes=\"(max-width: 354px) 100vw, 354px\" \/>\t\t\t\t\t\t\t\t\t\t\t\t\t\t\t\t\t\t\t\t\t\t<div class=\"team_o_icon all_team_icon_o_color\">\n\t\t\t\t\t\t\t\t\t\t\t\t<ul class=\"witr_pots_team_s\">\n\t\t\t\t\t\t\t\t\t\t\t\t\t\t\t\t\t\t\t\t\t\t\t\t\n\t\t\t\t\t\t\t\t\t\t\t\t\t\t<li>\n\t\t\t\t\t\t\t\t\t\t\t\t\t\t\t<a href=\"#\"><i class=\"icofont-facebook\"><\/i><\/a>\t\t\t\n\t\t\t\t\t\t\t\t\t\t\t\t\t\t<\/li>\t\t\t\t\t\t\t\t\t\t\t\t\n\t\t\t\t\t\t\t\t\t\t\t\t\t\t\t\t\t\t\t\t\t\t\t\t\n\t\t\t\t\t\t\t\t\t\t\t\t\t\t<li>\n\t\t\t\t\t\t\t\t\t\t\t\t\t\t\t<a href=\"#\"><i class=\"icofont-x\"><\/i><\/a>\t\t\t\n\t\t\t\t\t\t\t\t\t\t\t\t\t\t<\/li>\t\t\t\t\t\t\t\t\t\t\t\t\n\t\t\t\t\t\t\t\t\t\t\t\t\t\t\t\t\t\t\t\t\t\t\t\t\n\t\t\t\t\t\t\t\t\t\t\t\t\t\t<li>\n\t\t\t\t\t\t\t\t\t\t\t\t\t\t\t<a href=\"#\"><i class=\"icofont-tumblr\"><\/i><\/a>\t\t\t\n\t\t\t\t\t\t\t\t\t\t\t\t\t\t<\/li>\t\t\t\t\t\t\t\t\t\t\t\t\n\t\t\t\t\t\t\t\t\t\t\t\t\t\t\t\t\t\t\t\t\t\t\t\t\t\n\t\t\t\t\t\t\t\t\t\t\t\t<\/ul>\t\t\t\t\t\t\t\t\t\t\t\t\t\t\t\n\t\t\t\t\t\t\t\t\t\t\t<\/div>\n\t\t\t\t\t\t\t\t\t\t<\/div> <!-- team sec -->\n\t\t\t\t\t\t\t\t\t\t<div class=\"witr_team_content all_content_bg_color text-center\">\n\t\t\t\t\t\t\t\t\t\t\t<!-- title -->\n\t\t\t\t\t\t\t\t\t\t\t<h5><a href=\"https:\/\/test.stavoprojekta.cz\/index.php\/em_team\/metton-alex\/\">Metton  Alex <\/a><\/h5>\n\t\t\t\t\t\t\t\t\t\t\t<!-- sub title -->\n\t\t\t\t\t\t\t\t\t\t\t\t\t\t\t\t\t\t\t\t\t\t\t<span>Founder <\/span>\t\n\t\t\t\t\t\t\t\t\t\t\t\t\t\t\t\t\t\t\t\t\t\t\n\t\t\t\t\t\t\t\t\t\t\t\n\t\t\t\t\t\t\t\t\t\t<\/div>\n\t\t\t\n\t\t\t\t\t\t\t\t\t<\/div>\t\t\t\t\t\t\t\t\n\t\t\t\t\t\t\t\t<\/div>\n\t\t\t\t\t\t\t<\/div>\t\t\t\t\t\t\n\n\t\t\t\t\t\t\t\t\t\t\t\n\t\t\t\t\t\t\t<!-- single blog -->\n\t\t\t\t\t\t\t<div class=\"witr_all_mb_30   col-md-12 col-xs-12 col-sm-12 col-lg-12\" >\n\t\t\t\t\t\t\t\t<div id=\"post-4308\" class=\"post-4308 em_team type-em_team status-publish has-post-thumbnail hentry\">\n\t\t\t\t\t\t\t\t\t<div class=\"team-part all_color_team \">\n\t\t\t\t\t\t\t\t\t\t<div class=\"witr_team_section\">\n\t\t\t\t\t\t\t\t\t\t\t\t\t\t\t\t\t\t\t\t\t\t<!-- image -->\n\t\t\t\t\t\t\t\t\t\t\t<img decoding=\"async\" width=\"354\" height=\"341\" src=\"https:\/\/test.stavoprojekta.cz\/wp-content\/uploads\/2025\/03\/Bez-nazvu23.png\" class=\"attachment-post-thumbnail size-post-thumbnail wp-post-image\" alt=\"\" srcset=\"https:\/\/test.stavoprojekta.cz\/wp-content\/uploads\/2025\/03\/Bez-nazvu23.png 354w, https:\/\/test.stavoprojekta.cz\/wp-content\/uploads\/2025\/03\/Bez-nazvu23-300x289.png 300w\" sizes=\"(max-width: 354px) 100vw, 354px\" \/>\t\t\t\t\t\t\t\t\t\t\t\t\t\t\t\t\t\t\t\t\t\t<div class=\"team_o_icon all_team_icon_o_color\">\n\t\t\t\t\t\t\t\t\t\t\t\t<ul class=\"witr_pots_team_s\">\n\t\t\t\t\t\t\t\t\t\t\t\t\t\t\t\t\t\t\t\t\t\t\t\t\n\t\t\t\t\t\t\t\t\t\t\t\t\t\t<li>\n\t\t\t\t\t\t\t\t\t\t\t\t\t\t\t<a href=\"#\"><i class=\"icofont-facebook\"><\/i><\/a>\t\t\t\n\t\t\t\t\t\t\t\t\t\t\t\t\t\t<\/li>\t\t\t\t\t\t\t\t\t\t\t\t\n\t\t\t\t\t\t\t\t\t\t\t\t\t\t\t\t\t\t\t\t\t\t\t\t\n\t\t\t\t\t\t\t\t\t\t\t\t\t\t<li>\n\t\t\t\t\t\t\t\t\t\t\t\t\t\t\t<a href=\"#\"><i class=\"icofont-x\"><\/i><\/a>\t\t\t\n\t\t\t\t\t\t\t\t\t\t\t\t\t\t<\/li>\t\t\t\t\t\t\t\t\t\t\t\t\n\t\t\t\t\t\t\t\t\t\t\t\t\t\t\t\t\t\t\t\t\t\t\t\t\n\t\t\t\t\t\t\t\t\t\t\t\t\t\t<li>\n\t\t\t\t\t\t\t\t\t\t\t\t\t\t\t<a href=\"#\"><i class=\"icofont-tumblr\"><\/i><\/a>\t\t\t\n\t\t\t\t\t\t\t\t\t\t\t\t\t\t<\/li>\t\t\t\t\t\t\t\t\t\t\t\t\n\t\t\t\t\t\t\t\t\t\t\t\t\t\t\t\t\t\t\t\t\t\t\t\t\t\n\t\t\t\t\t\t\t\t\t\t\t\t<\/ul>\t\t\t\t\t\t\t\t\t\t\t\t\t\t\t\n\t\t\t\t\t\t\t\t\t\t\t<\/div>\n\t\t\t\t\t\t\t\t\t\t<\/div> <!-- team sec -->\n\t\t\t\t\t\t\t\t\t\t<div class=\"witr_team_content all_content_bg_color text-center\">\n\t\t\t\t\t\t\t\t\t\t\t<!-- title -->\n\t\t\t\t\t\t\t\t\t\t\t<h5><a href=\"https:\/\/test.stavoprojekta.cz\/index.php\/em_team\/patrick-griffin\/\">Patrick Griffin <\/a><\/h5>\n\t\t\t\t\t\t\t\t\t\t\t<!-- sub title -->\n\t\t\t\t\t\t\t\t\t\t\t\t\t\t\t\t\t\t\t\t\t\t\t<span>Developer <\/span>\t\n\t\t\t\t\t\t\t\t\t\t\t\t\t\t\t\t\t\t\t\t\t\t\n\t\t\t\t\t\t\t\t\t\t\t\n\t\t\t\t\t\t\t\t\t\t<\/div>\n\t\t\t\n\t\t\t\t\t\t\t\t\t<\/div>\t\t\t\t\t\t\t\t\n\t\t\t\t\t\t\t\t<\/div>\n\t\t\t\t\t\t\t<\/div>\t\t\t\t\t\t\n\n\t\t\t\t\t\t\n\t\t\t\t\t\t\t\t\n\t\t\t\t<\/div>\t\t\t\t\t\t\t\n\t\t\t<\/div>\n\n\t\t\t\n\t\t\t\t\t<script type='text\/javascript'>\r\n\t\t\tjQuery(function($){\t\t\t\t\r\n\t\t\t\tvar witrbslick = $('.postteam_idteam');\t\t\t\t\r\n\t\t\t\tif(witrbslick.length > 0){\r\n\t\t\t\twitrbslick.slick({\r\n\t\t\t\t\tinfinite: true,\r\n\t\t\t\t\tautoplay: true,\r\n\t\t\t\t\tautoplaySpeed: 3000,\r\n\t\t\t\t\tspeed: 700,\t\t\t\t\t\r\n\t\t\t\t\tslidesToShow: 3,\r\n\t\t\t\t\tslidesToScroll: 1,\r\n\t\t\t\t\t\t\t\t\t\tarrows: true,\r\n\t\t\t\t\tcenterMode: false,\r\n\t\t\t\t\tcenterPadding: '',\r\n\t\t\t\t\tdots: false,\r\n\t\t\t\t\tresponsive: [\r\n\t\t\t\t\t\t{\r\n\t\t\t\t\t\t\tbreakpoint: 1200,\r\n\t\t\t\t\t\t\tsettings: {\r\n\t\t\t\t\t\t\t\tslidesToShow: 4,\r\n\t\t\t\t\t\t\t\tslidesToScroll: 1,\r\n\t\t\t\t\t\t\t}\r\n\t\t\t\t\t},\r\n\t\t\t\t\t\t{\r\n\t\t\t\t\t\t\tbreakpoint: 992,\r\n\t\t\t\t\t\t\tsettings: {\r\n\t\t\t\t\t\t\t\tslidesToShow: 2,\r\n\t\t\t\t\t\t\t\tslidesToScroll: 1,\r\n\t\t\t\t\t\t\t}\r\n\t\t\t\t\t},\r\n\t\t\t\t\t\t{\r\n\t\t\t\t\t\t\tbreakpoint: 767,\r\n\t\t\t\t\t\t\tsettings: {\r\n\t\t\t\t\t\t\t\tslidesToShow: 1,\r\n\t\t\t\t\t\t\t\tslidesToScroll: 1,\r\n\t\t\t\t\t\t\t}\r\n\t\t\t\t\t}\r\n\t\t\t\t\t]\r\n\t\t\t\t});\r\n\t\t\t}\r\n\r\n\t\t\t});\r\n\t\t<\/script>\t\t\t\t\t<\/div>\n\t\t\t\t<\/div>\n\t\t\t\t\t<\/div>\n\t\t<\/div>\n\t\t\t\t\t<\/div>\n\t\t<\/section>\n\t\t\t\t<\/div>\n\t\t","protected":false},"excerpt":{"rendered":"<p>OUR MEMBER Project Team Member Rayhan Khan Team Leder Metton Alex Founder Patrick Griffin Developer<\/p>\n","protected":false},"author":1,"featured_media":0,"parent":0,"menu_order":0,"comment_status":"closed","ping_status":"closed","template":"template-home.php","meta":{"footnotes":""},"class_list":["post-14734","page","type-page","status-publish","hentry"],"yoast_head":"<!-- This site is optimized with the Yoast SEO plugin v24.8 - https:\/\/yoast.com\/wordpress\/plugins\/seo\/ -->\n<title>Team - STAVOPROJEKTA stavebn\u00ed firma, a.s.<\/title>\n<meta name=\"robots\" content=\"index, follow, max-snippet:-1, max-image-preview:large, max-video-preview:-1\" \/>\n<link rel=\"canonical\" href=\"https:\/\/test.stavoprojekta.cz\/index.php\/team\/\" \/>\n<meta property=\"og:locale\" content=\"cs_CZ\" \/>\n<meta property=\"og:type\" content=\"article\" \/>\n<meta property=\"og:title\" content=\"Team - STAVOPROJEKTA stavebn\u00ed firma, a.s.\" \/>\n<meta property=\"og:description\" content=\"OUR MEMBER Project Team Member Rayhan Khan Team Leder Metton Alex Founder Patrick Griffin Developer\" \/>\n<meta property=\"og:url\" content=\"https:\/\/test.stavoprojekta.cz\/index.php\/team\/\" \/>\n<meta property=\"og:site_name\" content=\"STAVOPROJEKTA stavebn\u00ed firma, a.s.\" \/>\n<meta property=\"article:publisher\" content=\"https:\/\/www.facebook.com\/igstavoprojekta\" \/>\n<meta property=\"article:modified_time\" content=\"2025-03-15T18:18:06+00:00\" \/>\n<meta property=\"og:image\" content=\"https:\/\/test.stavoprojekta.cz\/wp-content\/uploads\/2021\/08\/team-1.jpg\" \/>\n<meta name=\"twitter:card\" content=\"summary_large_image\" \/>\n<script type=\"application\/ld+json\" class=\"yoast-schema-graph\">{\"@context\":\"https:\/\/schema.org\",\"@graph\":[{\"@type\":\"WebPage\",\"@id\":\"https:\/\/test.stavoprojekta.cz\/index.php\/team\/\",\"url\":\"https:\/\/test.stavoprojekta.cz\/index.php\/team\/\",\"name\":\"Team - STAVOPROJEKTA stavebn\u00ed firma, a.s.\",\"isPartOf\":{\"@id\":\"https:\/\/test.stavoprojekta.cz\/#website\"},\"primaryImageOfPage\":{\"@id\":\"https:\/\/test.stavoprojekta.cz\/index.php\/team\/#primaryimage\"},\"image\":{\"@id\":\"https:\/\/test.stavoprojekta.cz\/index.php\/team\/#primaryimage\"},\"thumbnailUrl\":\"https:\/\/test.stavoprojekta.cz\/wp-content\/uploads\/2021\/08\/team-1.jpg\",\"datePublished\":\"2021-10-29T08:52:12+00:00\",\"dateModified\":\"2025-03-15T18:18:06+00:00\",\"breadcrumb\":{\"@id\":\"https:\/\/test.stavoprojekta.cz\/index.php\/team\/#breadcrumb\"},\"inLanguage\":\"cs\",\"potentialAction\":[{\"@type\":\"ReadAction\",\"target\":[\"https:\/\/test.stavoprojekta.cz\/index.php\/team\/\"]}]},{\"@type\":\"ImageObject\",\"inLanguage\":\"cs\",\"@id\":\"https:\/\/test.stavoprojekta.cz\/index.php\/team\/#primaryimage\",\"url\":\"https:\/\/test.stavoprojekta.cz\/wp-content\/uploads\/2021\/08\/team-1.jpg\",\"contentUrl\":\"https:\/\/test.stavoprojekta.cz\/wp-content\/uploads\/2021\/08\/team-1.jpg\",\"width\":370,\"height\":379},{\"@type\":\"BreadcrumbList\",\"@id\":\"https:\/\/test.stavoprojekta.cz\/index.php\/team\/#breadcrumb\",\"itemListElement\":[{\"@type\":\"ListItem\",\"position\":1,\"name\":\"Dom\u016f\",\"item\":\"https:\/\/test.stavoprojekta.cz\/\"},{\"@type\":\"ListItem\",\"position\":2,\"name\":\"Team\"}]},{\"@type\":\"WebSite\",\"@id\":\"https:\/\/test.stavoprojekta.cz\/#website\",\"url\":\"https:\/\/test.stavoprojekta.cz\/\",\"name\":\"STAVOPROJEKTA stavebn\u00ed firma, a.s.\",\"description\":\"Revitalizace bytov\u00fdch dom\u016f a administrativn\u00edch budov\",\"publisher\":{\"@id\":\"https:\/\/test.stavoprojekta.cz\/#organization\"},\"potentialAction\":[{\"@type\":\"SearchAction\",\"target\":{\"@type\":\"EntryPoint\",\"urlTemplate\":\"https:\/\/test.stavoprojekta.cz\/?s={search_term_string}\"},\"query-input\":{\"@type\":\"PropertyValueSpecification\",\"valueRequired\":true,\"valueName\":\"search_term_string\"}}],\"inLanguage\":\"cs\"},{\"@type\":\"Organization\",\"@id\":\"https:\/\/test.stavoprojekta.cz\/#organization\",\"name\":\"STAVOPROJEKTA stavebn\u00ed firma, a.s.\",\"url\":\"https:\/\/test.stavoprojekta.cz\/\",\"logo\":{\"@type\":\"ImageObject\",\"inLanguage\":\"cs\",\"@id\":\"https:\/\/test.stavoprojekta.cz\/#\/schema\/logo\/image\/\",\"url\":\"https:\/\/test.stavoprojekta.cz\/wp-content\/uploads\/2025\/03\/logo.png\",\"contentUrl\":\"https:\/\/test.stavoprojekta.cz\/wp-content\/uploads\/2025\/03\/logo.png\",\"width\":355,\"height\":57,\"caption\":\"STAVOPROJEKTA stavebn\u00ed firma, a.s.\"},\"image\":{\"@id\":\"https:\/\/test.stavoprojekta.cz\/#\/schema\/logo\/image\/\"},\"sameAs\":[\"https:\/\/www.facebook.com\/igstavoprojekta\",\"https:\/\/www.instagram.com\/stavoprojekta\/\",\"https:\/\/www.youtube.com\/@stavoprojekta\"]}]}<\/script>\n<!-- \/ Yoast SEO plugin. -->","yoast_head_json":{"title":"Team - STAVOPROJEKTA stavebn\u00ed firma, a.s.","robots":{"index":"index","follow":"follow","max-snippet":"max-snippet:-1","max-image-preview":"max-image-preview:large","max-video-preview":"max-video-preview:-1"},"canonical":"https:\/\/test.stavoprojekta.cz\/index.php\/team\/","og_locale":"cs_CZ","og_type":"article","og_title":"Team - STAVOPROJEKTA stavebn\u00ed firma, a.s.","og_description":"OUR MEMBER Project Team Member Rayhan Khan Team Leder Metton Alex Founder Patrick Griffin Developer","og_url":"https:\/\/test.stavoprojekta.cz\/index.php\/team\/","og_site_name":"STAVOPROJEKTA stavebn\u00ed firma, a.s.","article_publisher":"https:\/\/www.facebook.com\/igstavoprojekta","article_modified_time":"2025-03-15T18:18:06+00:00","og_image":[{"url":"https:\/\/test.stavoprojekta.cz\/wp-content\/uploads\/2021\/08\/team-1.jpg","type":"","width":"","height":""}],"twitter_card":"summary_large_image","schema":{"@context":"https:\/\/schema.org","@graph":[{"@type":"WebPage","@id":"https:\/\/test.stavoprojekta.cz\/index.php\/team\/","url":"https:\/\/test.stavoprojekta.cz\/index.php\/team\/","name":"Team - STAVOPROJEKTA stavebn\u00ed firma, a.s.","isPartOf":{"@id":"https:\/\/test.stavoprojekta.cz\/#website"},"primaryImageOfPage":{"@id":"https:\/\/test.stavoprojekta.cz\/index.php\/team\/#primaryimage"},"image":{"@id":"https:\/\/test.stavoprojekta.cz\/index.php\/team\/#primaryimage"},"thumbnailUrl":"https:\/\/test.stavoprojekta.cz\/wp-content\/uploads\/2021\/08\/team-1.jpg","datePublished":"2021-10-29T08:52:12+00:00","dateModified":"2025-03-15T18:18:06+00:00","breadcrumb":{"@id":"https:\/\/test.stavoprojekta.cz\/index.php\/team\/#breadcrumb"},"inLanguage":"cs","potentialAction":[{"@type":"ReadAction","target":["https:\/\/test.stavoprojekta.cz\/index.php\/team\/"]}]},{"@type":"ImageObject","inLanguage":"cs","@id":"https:\/\/test.stavoprojekta.cz\/index.php\/team\/#primaryimage","url":"https:\/\/test.stavoprojekta.cz\/wp-content\/uploads\/2021\/08\/team-1.jpg","contentUrl":"https:\/\/test.stavoprojekta.cz\/wp-content\/uploads\/2021\/08\/team-1.jpg","width":370,"height":379},{"@type":"BreadcrumbList","@id":"https:\/\/test.stavoprojekta.cz\/index.php\/team\/#breadcrumb","itemListElement":[{"@type":"ListItem","position":1,"name":"Dom\u016f","item":"https:\/\/test.stavoprojekta.cz\/"},{"@type":"ListItem","position":2,"name":"Team"}]},{"@type":"WebSite","@id":"https:\/\/test.stavoprojekta.cz\/#website","url":"https:\/\/test.stavoprojekta.cz\/","name":"STAVOPROJEKTA stavebn\u00ed firma, a.s.","description":"Revitalizace bytov\u00fdch dom\u016f a administrativn\u00edch budov","publisher":{"@id":"https:\/\/test.stavoprojekta.cz\/#organization"},"potentialAction":[{"@type":"SearchAction","target":{"@type":"EntryPoint","urlTemplate":"https:\/\/test.stavoprojekta.cz\/?s={search_term_string}"},"query-input":{"@type":"PropertyValueSpecification","valueRequired":true,"valueName":"search_term_string"}}],"inLanguage":"cs"},{"@type":"Organization","@id":"https:\/\/test.stavoprojekta.cz\/#organization","name":"STAVOPROJEKTA stavebn\u00ed firma, a.s.","url":"https:\/\/test.stavoprojekta.cz\/","logo":{"@type":"ImageObject","inLanguage":"cs","@id":"https:\/\/test.stavoprojekta.cz\/#\/schema\/logo\/image\/","url":"https:\/\/test.stavoprojekta.cz\/wp-content\/uploads\/2025\/03\/logo.png","contentUrl":"https:\/\/test.stavoprojekta.cz\/wp-content\/uploads\/2025\/03\/logo.png","width":355,"height":57,"caption":"STAVOPROJEKTA stavebn\u00ed firma, a.s."},"image":{"@id":"https:\/\/test.stavoprojekta.cz\/#\/schema\/logo\/image\/"},"sameAs":["https:\/\/www.facebook.com\/igstavoprojekta","https:\/\/www.instagram.com\/stavoprojekta\/","https:\/\/www.youtube.com\/@stavoprojekta"]}]}},"_links":{"self":[{"href":"https:\/\/test.stavoprojekta.cz\/index.php\/wp-json\/wp\/v2\/pages\/14734","targetHints":{"allow":["GET"]}}],"collection":[{"href":"https:\/\/test.stavoprojekta.cz\/index.php\/wp-json\/wp\/v2\/pages"}],"about":[{"href":"https:\/\/test.stavoprojekta.cz\/index.php\/wp-json\/wp\/v2\/types\/page"}],"author":[{"embeddable":true,"href":"https:\/\/test.stavoprojekta.cz\/index.php\/wp-json\/wp\/v2\/users\/1"}],"replies":[{"embeddable":true,"href":"https:\/\/test.stavoprojekta.cz\/index.php\/wp-json\/wp\/v2\/comments?post=14734"}],"version-history":[{"count":1,"href":"https:\/\/test.stavoprojekta.cz\/index.php\/wp-json\/wp\/v2\/pages\/14734\/revisions"}],"predecessor-version":[{"id":15534,"href":"https:\/\/test.stavoprojekta.cz\/index.php\/wp-json\/wp\/v2\/pages\/14734\/revisions\/15534"}],"wp:attachment":[{"href":"https:\/\/test.stavoprojekta.cz\/index.php\/wp-json\/wp\/v2\/media?parent=14734"}],"curies":[{"name":"wp","href":"https:\/\/api.w.org\/{rel}","templated":true}]}}