{"id":14883,"date":"2021-10-30T06:39:03","date_gmt":"2021-10-30T06:39:03","guid":{"rendered":"http:\/\/localhost\/construction\/?page_id=14883"},"modified":"2025-03-15T18:18:06","modified_gmt":"2025-03-15T18:18:06","slug":"our-clients","status":"publish","type":"page","link":"https:\/\/test.stavoprojekta.cz\/index.php\/our-clients\/","title":{"rendered":"Our Clients"},"content":{"rendered":"\t\t<div data-elementor-type=\"wp-page\" data-elementor-id=\"14883\" class=\"elementor elementor-14883\" data-elementor-post-type=\"page\">\n\t\t\t\t\t\t<section class=\"elementor-section elementor-top-section elementor-element elementor-element-429eb24 elementor-section-boxed elementor-section-height-default elementor-section-height-default\" data-id=\"429eb24\" data-element_type=\"section\">\n\t\t\t\t\t\t<div class=\"elementor-container elementor-column-gap-default\">\n\t\t\t\t\t<div class=\"elementor-column elementor-col-100 elementor-top-column elementor-element elementor-element-27491e1\" data-id=\"27491e1\" data-element_type=\"column\">\n\t\t\t<div class=\"elementor-widget-wrap elementor-element-populated\">\n\t\t\t\t\t\t<div class=\"elementor-element elementor-element-ab977b9 bariplan-star-rating--align-center elementor-widget elementor-widget-witr_section_title\" data-id=\"ab977b9\" data-element_type=\"widget\" data-widget_type=\"witr_section_title.default\">\n\t\t\t\t<div class=\"elementor-widget-container\">\n\t\t\t\t\t\t\t\t\t\t<!-- title center -->\n\t\t\t\t\t<div class=\"witr_section_title\">\n\t\t\t\t\t\t<div class=\"witr_section_title_inner text-center\">\n\n\t\t\t\t\t\t\t<!-- icon position -->\n\t\t\t\t\t\t\t\t\n\t\t\t\t\t\t\t<!-- end icon position -->\n\t\t\t\t\t\t\t\n\t\t\t\t\t\t\n\t\t\t\t\t\t\t<!-- title top -->\n\t\t\t\t\t\t\t\t\t\t\t\t\t\t\t<h2>OUR CLIENTS<\/h2>\t\t\n\t\t\t\t\t\t\t\n\n\t\t\t\t\t\t\t<!-- icon position -->\n\t\t\t\t\t\t\t\t\n\t\t\t\t\t\t\t<!-- end icon position -->\n\n\n\t\t\t\t\t\t\t\n\t\t\t\t\t\t\t<!-- title middle -->\n\t\t\t\t\t\t\t\t\t\t\t\t\t\t\t<h3>What Client Saw ?<\/h3>\t\t\n\t\t\t\t\t\t\t\t\t\t\t\t\t\t<!-- title bottom -->\n\t\t\t\t\t\t\t\n\t\t\t\t\t\t\t\n\t\t\t\t\t\t\t\n\t\t\t\t\t\t\t\t\t\t\t\t\t\t\n\t\t\t\t\t\t\t<!-- image -->\n\t\t\t\t\t\t\t\t\t\t\t\t\t\t<!-- icon -->\n\t\t\t\t\t\t\t\t\t\t\t\t\t\t\n\t\t\t\t\t\t\t<!-- bar -->\n\t\t\t\t\t\t\t\t\t\t\t\t\t\t<!-- circle bar -->\n\t\t\t\t\t\t\t\t\t\t\t\t\t\t\n\t\t\t\t\t\t\t\t\n\t\t\t\t\t\t\t\n\n\t\t\t\t\t\t\t\n\t\t\t\t\t\t\t<!-- content -->\n\t\t\t\t\t\t\t\t\t\t\t\t\t\t\n\t\t\t\t\t\t<\/div>\n\t\t\t\t\t\t\t<!-- inner title -->\n\t\t\t\t\t\t\t\t\t\t\t\t\t\n\t\t\t\t\t<\/div>\n\n\t\t\t\t\t\t\t\t<\/div>\n\t\t\t\t<\/div>\n\t\t\t\t<div class=\"elementor-element elementor-element-f8c7c0e bariplan-star-rating--align-center elementor-widget elementor-widget-witr_testimonial_section\" data-id=\"f8c7c0e\" data-element_type=\"widget\" data-widget_type=\"witr_testimonial_section.default\">\n\t\t\t\t<div class=\"elementor-widget-container\">\n\t\t\t\t\t\t\t\t\n\t\t\t\t\t<div class=\"carso_idtesti tshover testomonial-slide \">\t\n\t\t\t\t\t\t\t\t\t\t\t\t\n\t\t\t\t\t\t<!-- SINGLE TEAM -->\n\t\t\t\t\t\t<div class=\"witr_testi_itemt testi-width all_color_testimonial guttergs\">\t\n\t\t\t\t\t\t\n\t\t\t\t\t\t\t<!-- Start Single Testimonial -->\n\t\t\t\t\t\t\t<div class=\"em_single_testimonial witr_testi_s_9 witr_testi_s_12\">\n\t\t\t\t\t\t\t\t\t\t\t\t\t\t\t<div class=\"em_testi_content\">\n\t\t\t\t\t\t\t\t\t<div class=\"em_testi_text\">\n\t\t\t\t\t\t\t\t\t\t<!-- content -->\t\n\t\t\t\t\t\t\t\t\t\t<p>There are many variations of passages ofm Ipsum available, but the majority have fered alteration in some form, by injected humour, or randomised words.<\/p>\t\t\t\t\t\t\t\t\t<\/div>\n\t\t\t\t\t\t\t\t<\/div>\t\t\t\t\t\t\t\t\n\t\t\t\t\t\t\t\t \n\t\t\t\t\t\t\t\n\t\t\t\t\t\t\t\t\t<div class=\"em_test_thumb\">\n\t\t\t\t\t\t\t\t\t\t<img decoding=\"async\" width=\"80\" height=\"80\" src=\"https:\/\/test.stavoprojekta.cz\/wp-content\/uploads\/2020\/09\/testi1.png\" class=\"attachment-post-thumbnail size-post-thumbnail wp-post-image\" alt=\"\" srcset=\"https:\/\/test.stavoprojekta.cz\/wp-content\/uploads\/2020\/09\/testi1.png 80w, https:\/\/test.stavoprojekta.cz\/wp-content\/uploads\/2020\/09\/testi1-70x70.png 70w\" sizes=\"(max-width: 80px) 100vw, 80px\" \/>\t\t\t\t\t\t\t\t\t<\/div>\n\t\t\t\t\t\t\t\t\t\t\t\t\t\t\t\t\t\t\t\t\n\t\t\t\t\t\t\t\t\t<div class=\"em_testi_title\">\n\t\t\t\t\t\t\t\t\t\t<h2>Maline Alex <span>Designer<\/span><\/h2>\t\t\t\t\t\t\t\t\t\t\t\n\t\t\t\t\t\t\t\t\t<\/div>\n\t\t\t\t\t\t\t\t\t<div class=\"em_testi_logo\">\n\t\t\t\t\t\t\t\t\t\t<div class=\"em_testilogo_inner\">\n\t\t\t\t\t\t\t\t\t\t\t\t\t\t\t\t\t\t\t\t\t\t\n\t\t\t\t\t\t\t\t\t\t<\/div>\n\t\t\t\t\t\t\t\t\t<\/div>\n\n\t\t\t\t\t\t\t\t\t\n\t\t\t\t\t\t\t<\/div>\t\t\t\t\t\t\t\t\t\t\n\t\t\t\t\t\t<\/div>\t\n\n\t\t\t\t\t\t\t\t\t\t\t\n\t\t\t\t\t\t<!-- SINGLE TEAM -->\n\t\t\t\t\t\t<div class=\"witr_testi_itemt testi-width all_color_testimonial guttergs\">\t\n\t\t\t\t\t\t\n\t\t\t\t\t\t\t<!-- Start Single Testimonial -->\n\t\t\t\t\t\t\t<div class=\"em_single_testimonial witr_testi_s_9 witr_testi_s_12\">\n\t\t\t\t\t\t\t\t\t\t\t\t\t\t\t<div class=\"em_testi_content\">\n\t\t\t\t\t\t\t\t\t<div class=\"em_testi_text\">\n\t\t\t\t\t\t\t\t\t\t<!-- content -->\t\n\t\t\t\t\t\t\t\t\t\t<p>There are many variations of passages ofm Ipsum available, but the majority have fered alteration in some form, by injected humour, or randomised words.<\/p>\t\t\t\t\t\t\t\t\t<\/div>\n\t\t\t\t\t\t\t\t<\/div>\t\t\t\t\t\t\t\t\n\t\t\t\t\t\t\t\t \n\t\t\t\t\t\t\t\n\t\t\t\t\t\t\t\t\t<div class=\"em_test_thumb\">\n\t\t\t\t\t\t\t\t\t\t<img decoding=\"async\" width=\"80\" height=\"80\" src=\"https:\/\/test.stavoprojekta.cz\/wp-content\/uploads\/2020\/09\/testi1.png\" class=\"attachment-post-thumbnail size-post-thumbnail wp-post-image\" alt=\"\" srcset=\"https:\/\/test.stavoprojekta.cz\/wp-content\/uploads\/2020\/09\/testi1.png 80w, https:\/\/test.stavoprojekta.cz\/wp-content\/uploads\/2020\/09\/testi1-70x70.png 70w\" sizes=\"(max-width: 80px) 100vw, 80px\" \/>\t\t\t\t\t\t\t\t\t<\/div>\n\t\t\t\t\t\t\t\t\t\t\t\t\t\t\t\t\t\t\t\t\n\t\t\t\t\t\t\t\t\t<div class=\"em_testi_title\">\n\t\t\t\t\t\t\t\t\t\t<h2>Martha Alex <span>Manager<\/span><\/h2>\t\t\t\t\t\t\t\t\t\t\t\n\t\t\t\t\t\t\t\t\t<\/div>\n\t\t\t\t\t\t\t\t\t<div class=\"em_testi_logo\">\n\t\t\t\t\t\t\t\t\t\t<div class=\"em_testilogo_inner\">\n\t\t\t\t\t\t\t\t\t\t\t\t\t\t\t\t\t\t\t\t\t\t\n\t\t\t\t\t\t\t\t\t\t<\/div>\n\t\t\t\t\t\t\t\t\t<\/div>\n\n\t\t\t\t\t\t\t\t\t\n\t\t\t\t\t\t\t<\/div>\t\t\t\t\t\t\t\t\t\t\n\t\t\t\t\t\t<\/div>\t\n\n\t\t\t\t\t\t\t\t\t\t\t\n\t\t\t\t\t\t<!-- SINGLE TEAM -->\n\t\t\t\t\t\t<div class=\"witr_testi_itemt testi-width all_color_testimonial guttergs\">\t\n\t\t\t\t\t\t\n\t\t\t\t\t\t\t<!-- Start Single Testimonial -->\n\t\t\t\t\t\t\t<div class=\"em_single_testimonial witr_testi_s_9 witr_testi_s_12\">\n\t\t\t\t\t\t\t\t\t\t\t\t\t\t\t<div class=\"em_testi_content\">\n\t\t\t\t\t\t\t\t\t<div class=\"em_testi_text\">\n\t\t\t\t\t\t\t\t\t\t<!-- content -->\t\n\t\t\t\t\t\t\t\t\t\t<p>There are many variations of passages ofm Ipsum available, but the majority have fered alteration in some form, by injected humour, or randomised words.<\/p>\t\t\t\t\t\t\t\t\t<\/div>\n\t\t\t\t\t\t\t\t<\/div>\t\t\t\t\t\t\t\t\n\t\t\t\t\t\t\t\t \n\t\t\t\t\t\t\t\n\t\t\t\t\t\t\t\t\t<div class=\"em_test_thumb\">\n\t\t\t\t\t\t\t\t\t\t<img decoding=\"async\" width=\"80\" height=\"80\" src=\"https:\/\/test.stavoprojekta.cz\/wp-content\/uploads\/2020\/09\/testi4.png\" class=\"attachment-post-thumbnail size-post-thumbnail wp-post-image\" alt=\"\" srcset=\"https:\/\/test.stavoprojekta.cz\/wp-content\/uploads\/2020\/09\/testi4.png 80w, https:\/\/test.stavoprojekta.cz\/wp-content\/uploads\/2020\/09\/testi4-70x70.png 70w\" sizes=\"(max-width: 80px) 100vw, 80px\" \/>\t\t\t\t\t\t\t\t\t<\/div>\n\t\t\t\t\t\t\t\t\t\t\t\t\t\t\t\t\t\t\t\t\n\t\t\t\t\t\t\t\t\t<div class=\"em_testi_title\">\n\t\t\t\t\t\t\t\t\t\t<h2>David Markers <span>Co- Of Officer<\/span><\/h2>\t\t\t\t\t\t\t\t\t\t\t\n\t\t\t\t\t\t\t\t\t<\/div>\n\t\t\t\t\t\t\t\t\t<div class=\"em_testi_logo\">\n\t\t\t\t\t\t\t\t\t\t<div class=\"em_testilogo_inner\">\n\t\t\t\t\t\t\t\t\t\t\t\t\t\t\t\t\t\t\t\t\t\t\n\t\t\t\t\t\t\t\t\t\t<\/div>\n\t\t\t\t\t\t\t\t\t<\/div>\n\n\t\t\t\t\t\t\t\t\t\n\t\t\t\t\t\t\t<\/div>\t\t\t\t\t\t\t\t\t\t\n\t\t\t\t\t\t<\/div>\t\n\n\t\t\t\t\t\t\t\t\t\t\t\n\t\t\t\t\t\t<!-- SINGLE TEAM -->\n\t\t\t\t\t\t<div class=\"witr_testi_itemt testi-width all_color_testimonial guttergs\">\t\n\t\t\t\t\t\t\n\t\t\t\t\t\t\t<!-- Start Single Testimonial -->\n\t\t\t\t\t\t\t<div class=\"em_single_testimonial witr_testi_s_9 witr_testi_s_12\">\n\t\t\t\t\t\t\t\t\t\t\t\t\t\t\t<div class=\"em_testi_content\">\n\t\t\t\t\t\t\t\t\t<div class=\"em_testi_text\">\n\t\t\t\t\t\t\t\t\t\t<!-- content -->\t\n\t\t\t\t\t\t\t\t\t\t<p>There are many variations of passages ofm Ipsum available, but the majority have fered alteration in some form, by injected humour, or randomised words.<\/p>\t\t\t\t\t\t\t\t\t<\/div>\n\t\t\t\t\t\t\t\t<\/div>\t\t\t\t\t\t\t\t\n\t\t\t\t\t\t\t\t \n\t\t\t\t\t\t\t\n\t\t\t\t\t\t\t\t\t<div class=\"em_test_thumb\">\n\t\t\t\t\t\t\t\t\t\t<img decoding=\"async\" width=\"80\" height=\"80\" src=\"https:\/\/test.stavoprojekta.cz\/wp-content\/uploads\/2020\/09\/testi3.png\" class=\"attachment-post-thumbnail size-post-thumbnail wp-post-image\" alt=\"\" srcset=\"https:\/\/test.stavoprojekta.cz\/wp-content\/uploads\/2020\/09\/testi3.png 80w, https:\/\/test.stavoprojekta.cz\/wp-content\/uploads\/2020\/09\/testi3-70x70.png 70w\" sizes=\"(max-width: 80px) 100vw, 80px\" \/>\t\t\t\t\t\t\t\t\t<\/div>\n\t\t\t\t\t\t\t\t\t\t\t\t\t\t\t\t\t\t\t\t\n\t\t\t\t\t\t\t\t\t<div class=\"em_testi_title\">\n\t\t\t\t\t\t\t\t\t\t<h2>Chicana males <span>Marketing<\/span><\/h2>\t\t\t\t\t\t\t\t\t\t\t\n\t\t\t\t\t\t\t\t\t<\/div>\n\t\t\t\t\t\t\t\t\t<div class=\"em_testi_logo\">\n\t\t\t\t\t\t\t\t\t\t<div class=\"em_testilogo_inner\">\n\t\t\t\t\t\t\t\t\t\t\t\t\t\t\t\t\t\t\t\t\t\t\n\t\t\t\t\t\t\t\t\t\t<\/div>\n\t\t\t\t\t\t\t\t\t<\/div>\n\n\t\t\t\t\t\t\t\t\t\n\t\t\t\t\t\t\t<\/div>\t\t\t\t\t\t\t\t\t\t\n\t\t\t\t\t\t<\/div>\t\n\n\t\t\t\t\t\t\t\t\t\t<\/div>\n\t\t\t\t\t<script type='text\/javascript'>\r\n\t\t\tjQuery(function($){\t\t\t\t\r\n\t\t\t\tvar witrbtslick = $('.carso_idtesti');\t\t\t\t\r\n\t\t\t\tif(witrbtslick.length > 0){\r\n\t\t\t\twitrbtslick.slick({\r\n\t\t\t\t\tinfinite: true,\r\n\t\t\t\t\tautoplay: true,\r\n\t\t\t\t\tautoplaySpeed: 3000,\r\n\t\t\t\t\tspeed: 1000,\t\t\t\t\t\r\n\t\t\t\t\tslidesToShow: 2,\r\n\t\t\t\t\tslidesToScroll: 1,\r\n\t\t\t\t\t\t\t\t\t\tarrows: false,\r\n\t\t\t\t\tdots: false,\r\n\t\t\t\t\tresponsive: [\r\n\t\t\t\t\t\t{\r\n\t\t\t\t\t\t\tbreakpoint: 1200,\r\n\t\t\t\t\t\t\tsettings: {\r\n\t\t\t\t\t\t\t\tslidesToShow: 2,\r\n\t\t\t\t\t\t\t\tslidesToScroll: 1,\r\n\t\t\t\t\t\t\t}\r\n\t\t\t\t\t},\r\n\t\t\t\t\t\t{\r\n\t\t\t\t\t\t\tbreakpoint: 992,\r\n\t\t\t\t\t\t\tsettings: {\r\n\t\t\t\t\t\t\t\tslidesToShow: 2,\r\n\t\t\t\t\t\t\t\tslidesToScroll: 1,\r\n\t\t\t\t\t\t\t}\r\n\t\t\t\t\t},\r\n\t\t\t\t\t\t{\r\n\t\t\t\t\t\t\tbreakpoint: 767,\r\n\t\t\t\t\t\t\tsettings: {\r\n\t\t\t\t\t\t\t\tslidesToShow: 1,\r\n\t\t\t\t\t\t\t\tslidesToScroll: 1,\r\n\t\t\t\t\t\t\t}\r\n\t\t\t\t\t}\r\n\t\t\t\t\t]\r\n\t\t\t\t});\r\n\t\t\t}\r\n\r\n\t\t\t});\r\n\t\t<\/script>\t\t\t\t\t<\/div>\n\t\t\t\t<\/div>\n\t\t\t\t\t<\/div>\n\t\t<\/div>\n\t\t\t\t\t<\/div>\n\t\t<\/section>\n\t\t\t\t<\/div>\n\t\t","protected":false},"excerpt":{"rendered":"<p>OUR CLIENTS What Client Saw ? There are many variations of passages ofm Ipsum available, but the majority have fered alteration in some form, by injected humour, or randomised words. Maline Alex Designer There are many variations of passages ofm Ipsum available, but the majority have fered alteration in some form, by injected humour, or [&hellip;]<\/p>\n","protected":false},"author":1,"featured_media":0,"parent":0,"menu_order":0,"comment_status":"closed","ping_status":"closed","template":"template-home.php","meta":{"footnotes":""},"class_list":["post-14883","page","type-page","status-publish","hentry"],"yoast_head":"<!-- This site is optimized with the Yoast SEO plugin v24.8 - https:\/\/yoast.com\/wordpress\/plugins\/seo\/ -->\n<title>Our Clients - STAVOPROJEKTA stavebn\u00ed firma, a.s.<\/title>\n<meta name=\"robots\" content=\"index, follow, max-snippet:-1, max-image-preview:large, max-video-preview:-1\" \/>\n<link rel=\"canonical\" href=\"https:\/\/test.stavoprojekta.cz\/index.php\/our-clients\/\" \/>\n<meta property=\"og:locale\" content=\"cs_CZ\" \/>\n<meta property=\"og:type\" content=\"article\" \/>\n<meta property=\"og:title\" content=\"Our Clients - STAVOPROJEKTA stavebn\u00ed firma, a.s.\" \/>\n<meta property=\"og:description\" content=\"OUR CLIENTS What Client Saw ? There are many variations of passages ofm Ipsum available, but the majority have fered alteration in some form, by injected humour, or randomised words. Maline Alex Designer There are many variations of passages ofm Ipsum available, but the majority have fered alteration in some form, by injected humour, or [&hellip;]\" \/>\n<meta property=\"og:url\" content=\"https:\/\/test.stavoprojekta.cz\/index.php\/our-clients\/\" \/>\n<meta property=\"og:site_name\" content=\"STAVOPROJEKTA stavebn\u00ed firma, a.s.\" \/>\n<meta property=\"article:publisher\" content=\"https:\/\/www.facebook.com\/igstavoprojekta\" \/>\n<meta property=\"article:modified_time\" content=\"2025-03-15T18:18:06+00:00\" \/>\n<meta property=\"og:image\" content=\"https:\/\/test.stavoprojekta.cz\/wp-content\/uploads\/2020\/09\/testi1.png\" \/>\n<meta name=\"twitter:card\" content=\"summary_large_image\" \/>\n<meta name=\"twitter:label1\" content=\"Odhadovan\u00e1 doba \u010dten\u00ed\" \/>\n\t<meta name=\"twitter:data1\" content=\"1 minuta\" \/>\n<script type=\"application\/ld+json\" class=\"yoast-schema-graph\">{\"@context\":\"https:\/\/schema.org\",\"@graph\":[{\"@type\":\"WebPage\",\"@id\":\"https:\/\/test.stavoprojekta.cz\/index.php\/our-clients\/\",\"url\":\"https:\/\/test.stavoprojekta.cz\/index.php\/our-clients\/\",\"name\":\"Our Clients - STAVOPROJEKTA stavebn\u00ed firma, a.s.\",\"isPartOf\":{\"@id\":\"https:\/\/test.stavoprojekta.cz\/#website\"},\"primaryImageOfPage\":{\"@id\":\"https:\/\/test.stavoprojekta.cz\/index.php\/our-clients\/#primaryimage\"},\"image\":{\"@id\":\"https:\/\/test.stavoprojekta.cz\/index.php\/our-clients\/#primaryimage\"},\"thumbnailUrl\":\"https:\/\/test.stavoprojekta.cz\/wp-content\/uploads\/2020\/09\/testi1.png\",\"datePublished\":\"2021-10-30T06:39:03+00:00\",\"dateModified\":\"2025-03-15T18:18:06+00:00\",\"breadcrumb\":{\"@id\":\"https:\/\/test.stavoprojekta.cz\/index.php\/our-clients\/#breadcrumb\"},\"inLanguage\":\"cs\",\"potentialAction\":[{\"@type\":\"ReadAction\",\"target\":[\"https:\/\/test.stavoprojekta.cz\/index.php\/our-clients\/\"]}]},{\"@type\":\"ImageObject\",\"inLanguage\":\"cs\",\"@id\":\"https:\/\/test.stavoprojekta.cz\/index.php\/our-clients\/#primaryimage\",\"url\":\"https:\/\/test.stavoprojekta.cz\/wp-content\/uploads\/2020\/09\/testi1.png\",\"contentUrl\":\"https:\/\/test.stavoprojekta.cz\/wp-content\/uploads\/2020\/09\/testi1.png\",\"width\":80,\"height\":80},{\"@type\":\"BreadcrumbList\",\"@id\":\"https:\/\/test.stavoprojekta.cz\/index.php\/our-clients\/#breadcrumb\",\"itemListElement\":[{\"@type\":\"ListItem\",\"position\":1,\"name\":\"Dom\u016f\",\"item\":\"https:\/\/test.stavoprojekta.cz\/\"},{\"@type\":\"ListItem\",\"position\":2,\"name\":\"Our Clients\"}]},{\"@type\":\"WebSite\",\"@id\":\"https:\/\/test.stavoprojekta.cz\/#website\",\"url\":\"https:\/\/test.stavoprojekta.cz\/\",\"name\":\"STAVOPROJEKTA stavebn\u00ed firma, a.s.\",\"description\":\"Revitalizace bytov\u00fdch dom\u016f a administrativn\u00edch budov\",\"publisher\":{\"@id\":\"https:\/\/test.stavoprojekta.cz\/#organization\"},\"potentialAction\":[{\"@type\":\"SearchAction\",\"target\":{\"@type\":\"EntryPoint\",\"urlTemplate\":\"https:\/\/test.stavoprojekta.cz\/?s={search_term_string}\"},\"query-input\":{\"@type\":\"PropertyValueSpecification\",\"valueRequired\":true,\"valueName\":\"search_term_string\"}}],\"inLanguage\":\"cs\"},{\"@type\":\"Organization\",\"@id\":\"https:\/\/test.stavoprojekta.cz\/#organization\",\"name\":\"STAVOPROJEKTA stavebn\u00ed firma, a.s.\",\"url\":\"https:\/\/test.stavoprojekta.cz\/\",\"logo\":{\"@type\":\"ImageObject\",\"inLanguage\":\"cs\",\"@id\":\"https:\/\/test.stavoprojekta.cz\/#\/schema\/logo\/image\/\",\"url\":\"https:\/\/test.stavoprojekta.cz\/wp-content\/uploads\/2025\/03\/logo.png\",\"contentUrl\":\"https:\/\/test.stavoprojekta.cz\/wp-content\/uploads\/2025\/03\/logo.png\",\"width\":355,\"height\":57,\"caption\":\"STAVOPROJEKTA stavebn\u00ed firma, a.s.\"},\"image\":{\"@id\":\"https:\/\/test.stavoprojekta.cz\/#\/schema\/logo\/image\/\"},\"sameAs\":[\"https:\/\/www.facebook.com\/igstavoprojekta\",\"https:\/\/www.instagram.com\/stavoprojekta\/\",\"https:\/\/www.youtube.com\/@stavoprojekta\"]}]}<\/script>\n<!-- \/ Yoast SEO plugin. -->","yoast_head_json":{"title":"Our Clients - STAVOPROJEKTA stavebn\u00ed firma, a.s.","robots":{"index":"index","follow":"follow","max-snippet":"max-snippet:-1","max-image-preview":"max-image-preview:large","max-video-preview":"max-video-preview:-1"},"canonical":"https:\/\/test.stavoprojekta.cz\/index.php\/our-clients\/","og_locale":"cs_CZ","og_type":"article","og_title":"Our Clients - STAVOPROJEKTA stavebn\u00ed firma, a.s.","og_description":"OUR CLIENTS What Client Saw ? There are many variations of passages ofm Ipsum available, but the majority have fered alteration in some form, by injected humour, or randomised words. Maline Alex Designer There are many variations of passages ofm Ipsum available, but the majority have fered alteration in some form, by injected humour, or [&hellip;]","og_url":"https:\/\/test.stavoprojekta.cz\/index.php\/our-clients\/","og_site_name":"STAVOPROJEKTA stavebn\u00ed firma, a.s.","article_publisher":"https:\/\/www.facebook.com\/igstavoprojekta","article_modified_time":"2025-03-15T18:18:06+00:00","og_image":[{"url":"https:\/\/test.stavoprojekta.cz\/wp-content\/uploads\/2020\/09\/testi1.png","type":"","width":"","height":""}],"twitter_card":"summary_large_image","twitter_misc":{"Odhadovan\u00e1 doba \u010dten\u00ed":"1 minuta"},"schema":{"@context":"https:\/\/schema.org","@graph":[{"@type":"WebPage","@id":"https:\/\/test.stavoprojekta.cz\/index.php\/our-clients\/","url":"https:\/\/test.stavoprojekta.cz\/index.php\/our-clients\/","name":"Our Clients - STAVOPROJEKTA stavebn\u00ed firma, a.s.","isPartOf":{"@id":"https:\/\/test.stavoprojekta.cz\/#website"},"primaryImageOfPage":{"@id":"https:\/\/test.stavoprojekta.cz\/index.php\/our-clients\/#primaryimage"},"image":{"@id":"https:\/\/test.stavoprojekta.cz\/index.php\/our-clients\/#primaryimage"},"thumbnailUrl":"https:\/\/test.stavoprojekta.cz\/wp-content\/uploads\/2020\/09\/testi1.png","datePublished":"2021-10-30T06:39:03+00:00","dateModified":"2025-03-15T18:18:06+00:00","breadcrumb":{"@id":"https:\/\/test.stavoprojekta.cz\/index.php\/our-clients\/#breadcrumb"},"inLanguage":"cs","potentialAction":[{"@type":"ReadAction","target":["https:\/\/test.stavoprojekta.cz\/index.php\/our-clients\/"]}]},{"@type":"ImageObject","inLanguage":"cs","@id":"https:\/\/test.stavoprojekta.cz\/index.php\/our-clients\/#primaryimage","url":"https:\/\/test.stavoprojekta.cz\/wp-content\/uploads\/2020\/09\/testi1.png","contentUrl":"https:\/\/test.stavoprojekta.cz\/wp-content\/uploads\/2020\/09\/testi1.png","width":80,"height":80},{"@type":"BreadcrumbList","@id":"https:\/\/test.stavoprojekta.cz\/index.php\/our-clients\/#breadcrumb","itemListElement":[{"@type":"ListItem","position":1,"name":"Dom\u016f","item":"https:\/\/test.stavoprojekta.cz\/"},{"@type":"ListItem","position":2,"name":"Our Clients"}]},{"@type":"WebSite","@id":"https:\/\/test.stavoprojekta.cz\/#website","url":"https:\/\/test.stavoprojekta.cz\/","name":"STAVOPROJEKTA stavebn\u00ed firma, a.s.","description":"Revitalizace bytov\u00fdch dom\u016f a administrativn\u00edch budov","publisher":{"@id":"https:\/\/test.stavoprojekta.cz\/#organization"},"potentialAction":[{"@type":"SearchAction","target":{"@type":"EntryPoint","urlTemplate":"https:\/\/test.stavoprojekta.cz\/?s={search_term_string}"},"query-input":{"@type":"PropertyValueSpecification","valueRequired":true,"valueName":"search_term_string"}}],"inLanguage":"cs"},{"@type":"Organization","@id":"https:\/\/test.stavoprojekta.cz\/#organization","name":"STAVOPROJEKTA stavebn\u00ed firma, a.s.","url":"https:\/\/test.stavoprojekta.cz\/","logo":{"@type":"ImageObject","inLanguage":"cs","@id":"https:\/\/test.stavoprojekta.cz\/#\/schema\/logo\/image\/","url":"https:\/\/test.stavoprojekta.cz\/wp-content\/uploads\/2025\/03\/logo.png","contentUrl":"https:\/\/test.stavoprojekta.cz\/wp-content\/uploads\/2025\/03\/logo.png","width":355,"height":57,"caption":"STAVOPROJEKTA stavebn\u00ed firma, a.s."},"image":{"@id":"https:\/\/test.stavoprojekta.cz\/#\/schema\/logo\/image\/"},"sameAs":["https:\/\/www.facebook.com\/igstavoprojekta","https:\/\/www.instagram.com\/stavoprojekta\/","https:\/\/www.youtube.com\/@stavoprojekta"]}]}},"_links":{"self":[{"href":"https:\/\/test.stavoprojekta.cz\/index.php\/wp-json\/wp\/v2\/pages\/14883","targetHints":{"allow":["GET"]}}],"collection":[{"href":"https:\/\/test.stavoprojekta.cz\/index.php\/wp-json\/wp\/v2\/pages"}],"about":[{"href":"https:\/\/test.stavoprojekta.cz\/index.php\/wp-json\/wp\/v2\/types\/page"}],"author":[{"embeddable":true,"href":"https:\/\/test.stavoprojekta.cz\/index.php\/wp-json\/wp\/v2\/users\/1"}],"replies":[{"embeddable":true,"href":"https:\/\/test.stavoprojekta.cz\/index.php\/wp-json\/wp\/v2\/comments?post=14883"}],"version-history":[{"count":1,"href":"https:\/\/test.stavoprojekta.cz\/index.php\/wp-json\/wp\/v2\/pages\/14883\/revisions"}],"predecessor-version":[{"id":15535,"href":"https:\/\/test.stavoprojekta.cz\/index.php\/wp-json\/wp\/v2\/pages\/14883\/revisions\/15535"}],"wp:attachment":[{"href":"https:\/\/test.stavoprojekta.cz\/index.php\/wp-json\/wp\/v2\/media?parent=14883"}],"curies":[{"name":"wp","href":"https:\/\/api.w.org\/{rel}","templated":true}]}}