{"id":15583,"date":"2025-03-21T12:30:13","date_gmt":"2025-03-21T11:30:13","guid":{"rendered":"https:\/\/test.stavoprojekta.cz\/?page_id=15583"},"modified":"2025-05-16T14:54:19","modified_gmt":"2025-05-16T13:54:19","slug":"kontakty","status":"publish","type":"page","link":"https:\/\/test.stavoprojekta.cz\/index.php\/kontakty\/","title":{"rendered":"Kontakty"},"content":{"rendered":"\t\t<div data-elementor-type=\"wp-page\" data-elementor-id=\"15583\" class=\"elementor elementor-15583\" data-elementor-post-type=\"page\">\n\t\t\t\t<div class=\"elementor-element elementor-element-c5506cf e-flex e-con-boxed e-con e-parent\" data-id=\"c5506cf\" data-element_type=\"container\">\n\t\t\t\t\t<div class=\"e-con-inner\">\n\t\t<div class=\"elementor-element elementor-element-35b662f e-grid e-con-full e-con e-child\" data-id=\"35b662f\" data-element_type=\"container\">\n\t\t\t\t<div class=\"elementor-element elementor-element-92a5797 elementor-widget__width-inherit elementor-widget-tablet__width-auto elementor-widget elementor-widget-witr_section_team\" data-id=\"92a5797\" data-element_type=\"widget\" data-widget_type=\"witr_section_team.default\">\n\t\t\t\t<div class=\"elementor-widget-container\">\n\t\t\t\t\t\n\t\t\t<div class=\" witr_team_15n all_color_team \">\n\t\t\t\t\t<div class=\"witr_team_thumb15\">\n\t\t\t\t\t\t\t\t\t\t\t\t\t<img decoding=\"async\" src=\"https:\/\/test.stavoprojekta.cz\/wp-content\/uploads\/2025\/03\/Bez-nazvu-123.png\" alt=\"\">\t\t\n\t\t\t\t\t\t\t\t\t\t\t\n\t\t\t\t\t\t<div class=\"team_top_icon all_team_icon_o_color\">\n\t\t\t\t\t\t\t<ul>\n\t\t\t\t\t\t\t\t<li>\t\t\t\t\t\n\t\t\t\t\t\t\t\t\t\t\t\t\t\t\t\t\t\t\t\t\n\t\t\t\t\t\t\t\t\t\t\t<!-- icon -->\n\t\t\t\t\t\t\t\t\t\t\t<a href=\"#\">\n\t\t\t\t\t\t\t\t\t\t\t\t<i class=\"icofont-facebook\"><\/i>\n\t\t\t\t\t\t\t\t\t\t\t<\/a>\t\t\n\t\t\t\t\t\t\t\t\t\t\t\t\t\t\t\t\t\t\t\t\t\n\t\t\t\t\t\t\t\t\t\t\t<!-- icon -->\n\t\t\t\t\t\t\t\t\t\t\t<a href=\"#\">\n\t\t\t\t\t\t\t\t\t\t\t\t<i class=\"icofont-twitter\"><\/i>\n\t\t\t\t\t\t\t\t\t\t\t<\/a>\t\t\n\t\t\t\t\t\t\t\t\t\t\t\t\t\t\t\t\t\t\t\t\t\n\t\t\t\t\t\t\t\t\t\t\t<!-- icon -->\n\t\t\t\t\t\t\t\t\t\t\t<a href=\"#\">\n\t\t\t\t\t\t\t\t\t\t\t\t<i class=\"icofont-tumblr\"><\/i>\n\t\t\t\t\t\t\t\t\t\t\t<\/a>\t\t\n\t\t\t\t\t\t\t\t\t\t\t\t\t\t\t\t\t\t\t\t\t\n\t\t\t\t\t\t\t\t\t\t\t<!-- icon -->\n\t\t\t\t\t\t\t\t\t\t\t<a href=\"#\">\n\t\t\t\t\t\t\t\t\t\t\t\t<i class=\"icofont-vimeo\"><\/i>\n\t\t\t\t\t\t\t\t\t\t\t<\/a>\t\t\n\t\t\t\t\t\t\t\t\t\t\t\t\t\t\t\t\t\t\t\t\t\t\t\t\t\t\t<\/li>\n\t\t\t\t\t\t\t<\/ul>\t\n\t\t\t\t\t\t<\/div>\n\t\t\t\t\t\t\t\t\t\t\t\t<div class=\"team_bottom_icon all_team_s_color\">\t\t\t\t\t\n\t\t\t\t\t\t\t<a href=\"#\">\n\t\t\t\t\t\t\t\t<!-- icon -->\n\t\t\t\t\t\t\t\t\t\t\t\t\t\t\t\t\t<i class=\"fas fa-share-alt\"><\/i>\n\t\t\t\t\t\t\t\t\t\t\t\t\t\t\t<\/a>\n\t\t\t\t\t\t<\/div> \n\t\t\t\t\t\t\t\t\t\t\t<\/div>\n\t\t\t\t\t<div class=\"witr_team_content15 all_content_bg_color\">\t\t\t\t\t\n\t\t\t\t\t\t<!-- title -->\n\t\t\t\t\t\t\t\t\t\t\t\t\t\t\t\t\t\t<h5>Nicolas Poran <\/h5>\n\t\t\t\t\t\t\t\t\t\t\t\t\t\t\t\t\n\t\t\t\t\t\t<!-- subtitle -->\n\t\t\t\t\t\t\t\t\t\t\t\t\t<span>Founder <\/span>\t\n\t\t\t\t\t\t\t\t\t\t\t\n\n\t\t\t\t\t<\/div>\t\t\t\t\t\t\n\t\t\t\t\t\t\n\t\t\t\t\t\t\n\t\t\t<\/div> \n\n\t\t\t\t\t\t<\/div>\n\t\t\t\t<\/div>\n\t\t\t\t<div class=\"elementor-element elementor-element-5571304 elementor-widget__width-inherit elementor-widget-mobile__width-auto elementor-widget elementor-widget-witr_section_team\" data-id=\"5571304\" data-element_type=\"widget\" data-widget_type=\"witr_section_team.default\">\n\t\t\t\t<div class=\"elementor-widget-container\">\n\t\t\t\t\t\n\t\t\t<div class=\" witr_team_15n all_color_team \">\n\t\t\t\t\t<div class=\"witr_team_thumb15\">\n\t\t\t\t\t\t\t\t\t\t\t\t\t<img decoding=\"async\" src=\"https:\/\/test.stavoprojekta.cz\/wp-content\/uploads\/2025\/03\/e62143f8-a721-40e3-935f-53b75daa2bf5.png\" alt=\"\">\t\t\n\t\t\t\t\t\t\t\t\t\t\t\n\t\t\t\t\t\t<div class=\"team_top_icon all_team_icon_o_color\">\n\t\t\t\t\t\t\t<ul>\n\t\t\t\t\t\t\t\t<li>\t\t\t\t\t\n\t\t\t\t\t\t\t\t\t\t\t\t\t\t\t\t\t\t\t\t\n\t\t\t\t\t\t\t\t\t\t\t<!-- icon -->\n\t\t\t\t\t\t\t\t\t\t\t<a href=\"#\">\n\t\t\t\t\t\t\t\t\t\t\t\t<i class=\"icofont-facebook\"><\/i>\n\t\t\t\t\t\t\t\t\t\t\t<\/a>\t\t\n\t\t\t\t\t\t\t\t\t\t\t\t\t\t\t\t\t\t\t\t\t\n\t\t\t\t\t\t\t\t\t\t\t<!-- icon -->\n\t\t\t\t\t\t\t\t\t\t\t<a href=\"#\">\n\t\t\t\t\t\t\t\t\t\t\t\t<i class=\"icofont-twitter\"><\/i>\n\t\t\t\t\t\t\t\t\t\t\t<\/a>\t\t\n\t\t\t\t\t\t\t\t\t\t\t\t\t\t\t\t\t\t\t\t\t\n\t\t\t\t\t\t\t\t\t\t\t<!-- icon -->\n\t\t\t\t\t\t\t\t\t\t\t<a href=\"#\">\n\t\t\t\t\t\t\t\t\t\t\t\t<i class=\"icofont-tumblr\"><\/i>\n\t\t\t\t\t\t\t\t\t\t\t<\/a>\t\t\n\t\t\t\t\t\t\t\t\t\t\t\t\t\t\t\t\t\t\t\t\t\n\t\t\t\t\t\t\t\t\t\t\t<!-- icon -->\n\t\t\t\t\t\t\t\t\t\t\t<a href=\"#\">\n\t\t\t\t\t\t\t\t\t\t\t\t<i class=\"icofont-vimeo\"><\/i>\n\t\t\t\t\t\t\t\t\t\t\t<\/a>\t\t\n\t\t\t\t\t\t\t\t\t\t\t\t\t\t\t\t\t\t\t\t\t\t\t\t\t\t\t<\/li>\n\t\t\t\t\t\t\t<\/ul>\t\n\t\t\t\t\t\t<\/div>\n\t\t\t\t\t\t\t\t\t\t\t\t<div class=\"team_bottom_icon all_team_s_color\">\t\t\t\t\t\n\t\t\t\t\t\t\t<a href=\"#\">\n\t\t\t\t\t\t\t\t<!-- icon -->\n\t\t\t\t\t\t\t\t\t\t\t\t\t\t\t\t\t<i class=\"fas fa-share-alt\"><\/i>\n\t\t\t\t\t\t\t\t\t\t\t\t\t\t\t<\/a>\n\t\t\t\t\t\t<\/div> \n\t\t\t\t\t\t\t\t\t\t\t<\/div>\n\t\t\t\t\t<div class=\"witr_team_content15 all_content_bg_color\">\t\t\t\t\t\n\t\t\t\t\t\t<!-- title -->\n\t\t\t\t\t\t\t\t\t\t\t\t\t\t\t\t\t\t<h5>Nicolas Poran <\/h5>\n\t\t\t\t\t\t\t\t\t\t\t\t\t\t\t\t\n\t\t\t\t\t\t<!-- subtitle -->\n\t\t\t\t\t\t\t\t\t\t\t\t\t<span>Founder <\/span>\t\n\t\t\t\t\t\t\t\t\t\t\t\n\n\t\t\t\t\t<\/div>\t\t\t\t\t\t\n\t\t\t\t\t\t\n\t\t\t\t\t\t\n\t\t\t<\/div> \n\n\t\t\t\t\t\t<\/div>\n\t\t\t\t<\/div>\n\t\t\t\t<\/div>\n\t\t\t\t\t<\/div>\n\t\t\t\t<\/div>\n\t\t\t\t<\/div>\n\t\t","protected":false},"excerpt":{"rendered":"<p>Nicolas Poran Founder Nicolas Poran Founder<\/p>\n","protected":false},"author":2,"featured_media":0,"parent":0,"menu_order":0,"comment_status":"closed","ping_status":"closed","template":"","meta":{"footnotes":""},"class_list":["post-15583","page","type-page","status-publish","hentry"],"yoast_head":"<!-- This site is optimized with the Yoast SEO plugin v24.8 - https:\/\/yoast.com\/wordpress\/plugins\/seo\/ -->\n<title>Kontakty - STAVOPROJEKTA stavebn\u00ed firma, a.s.<\/title>\n<meta name=\"robots\" content=\"index, follow, max-snippet:-1, max-image-preview:large, max-video-preview:-1\" \/>\n<link rel=\"canonical\" href=\"https:\/\/test.stavoprojekta.cz\/index.php\/kontakty\/\" \/>\n<meta property=\"og:locale\" content=\"cs_CZ\" \/>\n<meta property=\"og:type\" content=\"article\" \/>\n<meta property=\"og:title\" content=\"Kontakty - STAVOPROJEKTA stavebn\u00ed firma, a.s.\" \/>\n<meta property=\"og:description\" content=\"Nicolas Poran Founder Nicolas Poran Founder\" \/>\n<meta property=\"og:url\" content=\"https:\/\/test.stavoprojekta.cz\/index.php\/kontakty\/\" \/>\n<meta property=\"og:site_name\" content=\"STAVOPROJEKTA stavebn\u00ed firma, a.s.\" \/>\n<meta property=\"article:publisher\" content=\"https:\/\/www.facebook.com\/igstavoprojekta\" \/>\n<meta property=\"article:modified_time\" content=\"2025-05-16T13:54:19+00:00\" \/>\n<meta property=\"og:image\" content=\"https:\/\/test.stavoprojekta.cz\/wp-content\/uploads\/2025\/03\/Bez-nazvu-123.png\" \/>\n<meta name=\"twitter:card\" content=\"summary_large_image\" \/>\n<meta name=\"twitter:label1\" content=\"Odhadovan\u00e1 doba \u010dten\u00ed\" \/>\n\t<meta name=\"twitter:data1\" content=\"1 minuta\" \/>\n<script type=\"application\/ld+json\" class=\"yoast-schema-graph\">{\"@context\":\"https:\/\/schema.org\",\"@graph\":[{\"@type\":\"WebPage\",\"@id\":\"https:\/\/test.stavoprojekta.cz\/index.php\/kontakty\/\",\"url\":\"https:\/\/test.stavoprojekta.cz\/index.php\/kontakty\/\",\"name\":\"Kontakty - STAVOPROJEKTA stavebn\u00ed firma, a.s.\",\"isPartOf\":{\"@id\":\"https:\/\/test.stavoprojekta.cz\/#website\"},\"primaryImageOfPage\":{\"@id\":\"https:\/\/test.stavoprojekta.cz\/index.php\/kontakty\/#primaryimage\"},\"image\":{\"@id\":\"https:\/\/test.stavoprojekta.cz\/index.php\/kontakty\/#primaryimage\"},\"thumbnailUrl\":\"https:\/\/test.stavoprojekta.cz\/wp-content\/uploads\/2025\/03\/Bez-nazvu-123.png\",\"datePublished\":\"2025-03-21T11:30:13+00:00\",\"dateModified\":\"2025-05-16T13:54:19+00:00\",\"breadcrumb\":{\"@id\":\"https:\/\/test.stavoprojekta.cz\/index.php\/kontakty\/#breadcrumb\"},\"inLanguage\":\"cs\",\"potentialAction\":[{\"@type\":\"ReadAction\",\"target\":[\"https:\/\/test.stavoprojekta.cz\/index.php\/kontakty\/\"]}]},{\"@type\":\"ImageObject\",\"inLanguage\":\"cs\",\"@id\":\"https:\/\/test.stavoprojekta.cz\/index.php\/kontakty\/#primaryimage\",\"url\":\"https:\/\/test.stavoprojekta.cz\/wp-content\/uploads\/2025\/03\/Bez-nazvu-123.png\",\"contentUrl\":\"https:\/\/test.stavoprojekta.cz\/wp-content\/uploads\/2025\/03\/Bez-nazvu-123.png\",\"width\":354,\"height\":321},{\"@type\":\"BreadcrumbList\",\"@id\":\"https:\/\/test.stavoprojekta.cz\/index.php\/kontakty\/#breadcrumb\",\"itemListElement\":[{\"@type\":\"ListItem\",\"position\":1,\"name\":\"Dom\u016f\",\"item\":\"https:\/\/test.stavoprojekta.cz\/\"},{\"@type\":\"ListItem\",\"position\":2,\"name\":\"Kontakty\"}]},{\"@type\":\"WebSite\",\"@id\":\"https:\/\/test.stavoprojekta.cz\/#website\",\"url\":\"https:\/\/test.stavoprojekta.cz\/\",\"name\":\"STAVOPROJEKTA stavebn\u00ed firma, a.s.\",\"description\":\"Revitalizace bytov\u00fdch dom\u016f a administrativn\u00edch budov\",\"publisher\":{\"@id\":\"https:\/\/test.stavoprojekta.cz\/#organization\"},\"potentialAction\":[{\"@type\":\"SearchAction\",\"target\":{\"@type\":\"EntryPoint\",\"urlTemplate\":\"https:\/\/test.stavoprojekta.cz\/?s={search_term_string}\"},\"query-input\":{\"@type\":\"PropertyValueSpecification\",\"valueRequired\":true,\"valueName\":\"search_term_string\"}}],\"inLanguage\":\"cs\"},{\"@type\":\"Organization\",\"@id\":\"https:\/\/test.stavoprojekta.cz\/#organization\",\"name\":\"STAVOPROJEKTA stavebn\u00ed firma, a.s.\",\"url\":\"https:\/\/test.stavoprojekta.cz\/\",\"logo\":{\"@type\":\"ImageObject\",\"inLanguage\":\"cs\",\"@id\":\"https:\/\/test.stavoprojekta.cz\/#\/schema\/logo\/image\/\",\"url\":\"https:\/\/test.stavoprojekta.cz\/wp-content\/uploads\/2025\/03\/logo.png\",\"contentUrl\":\"https:\/\/test.stavoprojekta.cz\/wp-content\/uploads\/2025\/03\/logo.png\",\"width\":355,\"height\":57,\"caption\":\"STAVOPROJEKTA stavebn\u00ed firma, a.s.\"},\"image\":{\"@id\":\"https:\/\/test.stavoprojekta.cz\/#\/schema\/logo\/image\/\"},\"sameAs\":[\"https:\/\/www.facebook.com\/igstavoprojekta\",\"https:\/\/www.instagram.com\/stavoprojekta\/\",\"https:\/\/www.youtube.com\/@stavoprojekta\"]}]}<\/script>\n<!-- \/ Yoast SEO plugin. -->","yoast_head_json":{"title":"Kontakty - STAVOPROJEKTA stavebn\u00ed firma, a.s.","robots":{"index":"index","follow":"follow","max-snippet":"max-snippet:-1","max-image-preview":"max-image-preview:large","max-video-preview":"max-video-preview:-1"},"canonical":"https:\/\/test.stavoprojekta.cz\/index.php\/kontakty\/","og_locale":"cs_CZ","og_type":"article","og_title":"Kontakty - STAVOPROJEKTA stavebn\u00ed firma, a.s.","og_description":"Nicolas Poran Founder Nicolas Poran Founder","og_url":"https:\/\/test.stavoprojekta.cz\/index.php\/kontakty\/","og_site_name":"STAVOPROJEKTA stavebn\u00ed firma, a.s.","article_publisher":"https:\/\/www.facebook.com\/igstavoprojekta","article_modified_time":"2025-05-16T13:54:19+00:00","og_image":[{"url":"https:\/\/test.stavoprojekta.cz\/wp-content\/uploads\/2025\/03\/Bez-nazvu-123.png","type":"","width":"","height":""}],"twitter_card":"summary_large_image","twitter_misc":{"Odhadovan\u00e1 doba \u010dten\u00ed":"1 minuta"},"schema":{"@context":"https:\/\/schema.org","@graph":[{"@type":"WebPage","@id":"https:\/\/test.stavoprojekta.cz\/index.php\/kontakty\/","url":"https:\/\/test.stavoprojekta.cz\/index.php\/kontakty\/","name":"Kontakty - STAVOPROJEKTA stavebn\u00ed firma, a.s.","isPartOf":{"@id":"https:\/\/test.stavoprojekta.cz\/#website"},"primaryImageOfPage":{"@id":"https:\/\/test.stavoprojekta.cz\/index.php\/kontakty\/#primaryimage"},"image":{"@id":"https:\/\/test.stavoprojekta.cz\/index.php\/kontakty\/#primaryimage"},"thumbnailUrl":"https:\/\/test.stavoprojekta.cz\/wp-content\/uploads\/2025\/03\/Bez-nazvu-123.png","datePublished":"2025-03-21T11:30:13+00:00","dateModified":"2025-05-16T13:54:19+00:00","breadcrumb":{"@id":"https:\/\/test.stavoprojekta.cz\/index.php\/kontakty\/#breadcrumb"},"inLanguage":"cs","potentialAction":[{"@type":"ReadAction","target":["https:\/\/test.stavoprojekta.cz\/index.php\/kontakty\/"]}]},{"@type":"ImageObject","inLanguage":"cs","@id":"https:\/\/test.stavoprojekta.cz\/index.php\/kontakty\/#primaryimage","url":"https:\/\/test.stavoprojekta.cz\/wp-content\/uploads\/2025\/03\/Bez-nazvu-123.png","contentUrl":"https:\/\/test.stavoprojekta.cz\/wp-content\/uploads\/2025\/03\/Bez-nazvu-123.png","width":354,"height":321},{"@type":"BreadcrumbList","@id":"https:\/\/test.stavoprojekta.cz\/index.php\/kontakty\/#breadcrumb","itemListElement":[{"@type":"ListItem","position":1,"name":"Dom\u016f","item":"https:\/\/test.stavoprojekta.cz\/"},{"@type":"ListItem","position":2,"name":"Kontakty"}]},{"@type":"WebSite","@id":"https:\/\/test.stavoprojekta.cz\/#website","url":"https:\/\/test.stavoprojekta.cz\/","name":"STAVOPROJEKTA stavebn\u00ed firma, a.s.","description":"Revitalizace bytov\u00fdch dom\u016f a administrativn\u00edch budov","publisher":{"@id":"https:\/\/test.stavoprojekta.cz\/#organization"},"potentialAction":[{"@type":"SearchAction","target":{"@type":"EntryPoint","urlTemplate":"https:\/\/test.stavoprojekta.cz\/?s={search_term_string}"},"query-input":{"@type":"PropertyValueSpecification","valueRequired":true,"valueName":"search_term_string"}}],"inLanguage":"cs"},{"@type":"Organization","@id":"https:\/\/test.stavoprojekta.cz\/#organization","name":"STAVOPROJEKTA stavebn\u00ed firma, a.s.","url":"https:\/\/test.stavoprojekta.cz\/","logo":{"@type":"ImageObject","inLanguage":"cs","@id":"https:\/\/test.stavoprojekta.cz\/#\/schema\/logo\/image\/","url":"https:\/\/test.stavoprojekta.cz\/wp-content\/uploads\/2025\/03\/logo.png","contentUrl":"https:\/\/test.stavoprojekta.cz\/wp-content\/uploads\/2025\/03\/logo.png","width":355,"height":57,"caption":"STAVOPROJEKTA stavebn\u00ed firma, a.s."},"image":{"@id":"https:\/\/test.stavoprojekta.cz\/#\/schema\/logo\/image\/"},"sameAs":["https:\/\/www.facebook.com\/igstavoprojekta","https:\/\/www.instagram.com\/stavoprojekta\/","https:\/\/www.youtube.com\/@stavoprojekta"]}]}},"_links":{"self":[{"href":"https:\/\/test.stavoprojekta.cz\/index.php\/wp-json\/wp\/v2\/pages\/15583","targetHints":{"allow":["GET"]}}],"collection":[{"href":"https:\/\/test.stavoprojekta.cz\/index.php\/wp-json\/wp\/v2\/pages"}],"about":[{"href":"https:\/\/test.stavoprojekta.cz\/index.php\/wp-json\/wp\/v2\/types\/page"}],"author":[{"embeddable":true,"href":"https:\/\/test.stavoprojekta.cz\/index.php\/wp-json\/wp\/v2\/users\/2"}],"replies":[{"embeddable":true,"href":"https:\/\/test.stavoprojekta.cz\/index.php\/wp-json\/wp\/v2\/comments?post=15583"}],"version-history":[{"count":16,"href":"https:\/\/test.stavoprojekta.cz\/index.php\/wp-json\/wp\/v2\/pages\/15583\/revisions"}],"predecessor-version":[{"id":15837,"href":"https:\/\/test.stavoprojekta.cz\/index.php\/wp-json\/wp\/v2\/pages\/15583\/revisions\/15837"}],"wp:attachment":[{"href":"https:\/\/test.stavoprojekta.cz\/index.php\/wp-json\/wp\/v2\/media?parent=15583"}],"curies":[{"name":"wp","href":"https:\/\/api.w.org\/{rel}","templated":true}]}}