{"id":15769,"date":"2025-05-16T10:10:53","date_gmt":"2025-05-16T09:10:53","guid":{"rendered":"https:\/\/test.stavoprojekta.cz\/?page_id=15769"},"modified":"2025-05-21T15:26:30","modified_gmt":"2025-05-21T14:26:30","slug":"reference","status":"publish","type":"page","link":"https:\/\/test.stavoprojekta.cz\/index.php\/reference\/","title":{"rendered":"Reference"},"content":{"rendered":"\t\t<div data-elementor-type=\"wp-page\" data-elementor-id=\"15769\" class=\"elementor elementor-15769\" data-elementor-post-type=\"page\">\n\t\t\t\t<div class=\"elementor-element elementor-element-6239c6ce e-flex e-con-boxed e-con e-parent\" data-id=\"6239c6ce\" data-element_type=\"container\">\n\t\t\t\t\t<div class=\"e-con-inner\">\n\t\t\t\t<div class=\"elementor-element elementor-element-3b2f873f elementor-widget elementor-widget-text-editor\" data-id=\"3b2f873f\" data-element_type=\"widget\" data-widget_type=\"text-editor.default\">\n\t\t\t\t<div class=\"elementor-widget-container\">\n\t\t\t\t\t\t\t\t\t<p><\/p>\n<div class=\"wppap-main-wrapper wppap-filter-wrap wppap-clearfix \" data-conf='{&quot;main_grid&quot;:3}'>\n<ul class=\"wppap-filter wppap-filter-inr-wrap wppap-clearfix\" id=\"wppap-filter-1\">\n<li class=\"wppap-filtr-cat wppap-active-filtr\" data-filter=\".wppap-portfolio-wrp\"><a href=\"javascript:void(0);\">V\u0161e<\/a><\/li>\n<li class=\"wppap-filtr-cat \" data-filter=\".wppap-cat-21\"><a href=\"javascript:void(0);\">Mont\u00e1\u017e lod\u017ei\u00ed<\/a><\/li>\n<\/ul>\n<ul id=\"wppap-thumbs-1\" class=\"wppap-thumbs wppap-portfolio-filter wppap-design-12 wppap-clearfix wppap-portfolio-popup wp-pap-image-fit\">\n<li class=\"wppap-portfolio-wrp thum-list wppap-portfolio-active wppap-columns wppap-medium-4 wppap-cat-21 wppap-first wppap-post-15782\" style=\"\">\n<div class=\"wppap-li-inner-wrap\">\n<div class=\"wppap-portfolio-bg\">\n\t\t\t\t\t\t\t<img decoding=\"async\" class=\"wppap-portfolio-img\" src=\"https:\/\/test.stavoprojekta.cz\/wp-content\/uploads\/2025\/03\/DSC_3376-scaled.jpg\" alt=\"Fintajslova 2,4 &#8211; B\u0159eclav\" \/>\n\t\t\t\t\t<\/div>\n<div class=\"wppap-title-overlay\">\n<div class=\"wppap-title-overlay-wrp\">\n\t\t\t\t\t\t\t\t\t<span class=\"wppap-description\">Fintajslova 2,4 &#8211; B\u0159eclav<\/span><\/p>\n<div class=\"wppap-cats\"><span class=\"wppap-portfolio-cat wppap-cat-21\">Mont\u00e1\u017e lod\u017ei\u00ed<\/span><\/div>\n<div class=\"wppap-external-link-popup\">\n\t\t\t\t\t\t\t\t\t\t\t<a href=\"javascript:void(0);\" class=\"wppap-popup-link wppap-popup-ref-link\"><\/a>\n\t\t\t\t\t\t\t\t\t<\/div>\n<\/p><\/div>\n<p>\t\t\t<a href=\"\" class=\"wppap-thumbnail wppap-popup-info-link\" data-mfp-src=\"#wppap-popup-1-1\" target=\"_self\"><\/a>\n\t\t<\/div>\n<\/p><\/div>\n<\/li>\n<li class=\"wppap-portfolio-wrp thum-list wppap-portfolio-active wppap-columns wppap-medium-4 wppap-cat-21 wppap-post-15774\" style=\"\">\n<div class=\"wppap-li-inner-wrap\">\n<div class=\"wppap-portfolio-bg\">\n\t\t\t\t\t\t\t<img decoding=\"async\" class=\"wppap-portfolio-img\" src=\"https:\/\/test.stavoprojekta.cz\/wp-content\/uploads\/2025\/05\/DSC_3578-scaled.webp\" alt=\"Langrova 1b &#8211; Brno, Slatina\" \/>\n\t\t\t\t\t<\/div>\n<div class=\"wppap-title-overlay\">\n<div class=\"wppap-title-overlay-wrp\">\n\t\t\t\t\t\t\t\t\t<span class=\"wppap-description\">Langrova 1b &#8211; Brno, Slatina<\/span><\/p>\n<div class=\"wppap-cats\"><span class=\"wppap-portfolio-cat wppap-cat-21\">Mont\u00e1\u017e lod\u017ei\u00ed<\/span><\/div>\n<div class=\"wppap-external-link-popup\">\n\t\t\t\t\t\t\t\t\t\t\t<a href=\"javascript:void(0);\" class=\"wppap-popup-link wppap-popup-ref-link\"><\/a>\n\t\t\t\t\t\t\t\t\t<\/div>\n<\/p><\/div>\n<p>\t\t\t<a href=\"\" class=\"wppap-thumbnail wppap-popup-info-link\" data-mfp-src=\"#wppap-popup-1-2\" target=\"_self\"><\/a>\n\t\t<\/div>\n<\/p><\/div>\n<\/li>\n<\/ul>\n<\/div>\n<div class=\"wppap-popup-main-wrapper mfp-hide\" id=\"wppap-popup-1-1\">\n<p>\t<a href=\"javascript:void(0);\" class=\"wp-pap-popup-close wp-pap-close-btn mfp-close\" title=\"Close\"><\/a>\t\t<\/p>\n<div id=\"wppap-popup-slider-1-1\" class=\"wppap-popup-img-grp wppap-img-grp\" data-conf=\"{&quot;dots&quot;:&quot;1&quot;,&quot;arrows&quot;:&quot;1&quot;,&quot;effect&quot;:&quot;slide&quot;,&quot;slide_to_show&quot;:&quot;1&quot;,&quot;loop&quot;:&quot;1&quot;,&quot;autoplay&quot;:&quot;1&quot;,&quot;autoplayspeed&quot;:&quot;3000&quot;,&quot;speed&quot;:&quot;300&quot;,&quot;rtl&quot;:0}\">\n<div class=\"wppap-popup-img-slick\">\n\t\t\t\t\t<img decoding=\"async\" src=\"https:\/\/test.stavoprojekta.cz\/wp-content\/uploads\/2025\/03\/DSC_3376-scaled.jpg\" alt=\"\u017delezobetonov\u00e9 lod\u017eie\" \/><\/p>\n<div class=\"wppap-popup-img-info\">\u017delezobetonov\u00e9 lod\u017eie<\/div>\n<\/p><\/div>\n<div class=\"wppap-popup-img-slick\">\n\t\t\t\t\t<img decoding=\"async\" src=\"https:\/\/test.stavoprojekta.cz\/wp-content\/uploads\/2025\/03\/DSC_3372-scaled.jpg\" alt=\"Zateplen\u00ed budov a v\u00fdstavba lod\u017ei\u00ed\" \/><\/p>\n<div class=\"wppap-popup-img-info\">Zateplen\u00ed budov a v\u00fdstavba lod\u017ei\u00ed<\/div>\n<\/p><\/div>\n<div class=\"wppap-popup-img-slick\">\n\t\t\t\t\t<img decoding=\"async\" src=\"https:\/\/test.stavoprojekta.cz\/wp-content\/uploads\/2025\/03\/DSC_3404-scaled.jpg\" alt=\"Hlin\u00edkov\u00e9 z\u00e1bradl\u00ed\" \/><\/p>\n<div class=\"wppap-popup-img-info\">Hlin\u00edkov\u00e9 z\u00e1bradl\u00ed<\/div>\n<\/p><\/div>\n<div class=\"wppap-popup-img-slick\">\n\t\t\t\t\t<img decoding=\"async\" src=\"https:\/\/test.stavoprojekta.cz\/wp-content\/uploads\/2025\/03\/DSC_3403-scaled.jpg\" alt=\"Bezr\u00e1mov\u00e9 hlin\u00edkov\u00e9 zasklen\u00ed\" \/><\/p>\n<div class=\"wppap-popup-img-info\">Bezr\u00e1mov\u00e9 hlin\u00edkov\u00e9 zasklen\u00ed<\/div>\n<\/p><\/div>\n<div class=\"wppap-popup-img-slick\">\n\t\t\t\t\t<img decoding=\"async\" src=\"https:\/\/test.stavoprojekta.cz\/wp-content\/uploads\/2025\/03\/DSC_3382-scaled.jpg\" alt=\"Lod\u017eie\" \/><\/p>\n<div class=\"wppap-popup-img-info\">Lod\u017eie<\/div>\n<\/p><\/div>\n<div class=\"wppap-popup-img-slick\">\n\t\t\t\t\t<img decoding=\"async\" src=\"https:\/\/test.stavoprojekta.cz\/wp-content\/uploads\/2025\/03\/DSC_0024-1.jpg\" alt=\"Lod\u017eie s hlin\u00edkov\u00fdm z\u00e1bradl\u00edm\" \/><\/p>\n<div class=\"wppap-popup-img-info\">Lod\u017eie s hlin\u00edkov\u00fdm z\u00e1bradl\u00edm<\/div>\n<\/p><\/div>\n<\/p><\/div>\n<div class=\"wppap-pop-other-content\">\n<div class=\"wppap-popup-portfolio-title\">Fintajslova 2,4 &#8211; B\u0159eclav<\/div>\n<div class=\"wppap-popup-portfolio-content\">Zateplen\u00ed fas\u00e1dy a st\u0159echy<br \/>\nV\u00fdstavba nov\u00fdch \u017eelezobetonov\u00fdch lod\u017ei\u00ed<\/div>\n<table class=\"wppap-portfolio-meta-tbl\">\n<tbody>\n<tr>\n<th>Categories :<\/th>\n<td>\n<div class=\"wppap-popup-cats\"><span class=\"wppap-portfolio-cat wppap-cat-21\">Mont\u00e1\u017e lod\u017ei\u00ed<\/span><\/div>\n<\/td>\n<\/tr>\n<tr>\n<th>Skills :<\/th>\n<td>\n<div class=\"wppap-popup-tags\"><span class=\"wppap-portfolio-cat wppap-cat-26\">2024<\/span><\/div>\n<\/td>\n<\/tr>\n<\/tbody>\n<\/table><\/div>\n<\/div>\n<div class=\"wppap-popup-main-wrapper mfp-hide\" id=\"wppap-popup-1-2\">\n<p>\t<a href=\"javascript:void(0);\" class=\"wp-pap-popup-close wp-pap-close-btn mfp-close\" title=\"Close\"><\/a>\t\t<\/p>\n<div id=\"wppap-popup-slider-1-2\" class=\"wppap-popup-img-grp wppap-img-grp\" data-conf=\"{&quot;dots&quot;:&quot;1&quot;,&quot;arrows&quot;:&quot;1&quot;,&quot;effect&quot;:&quot;slide&quot;,&quot;slide_to_show&quot;:&quot;1&quot;,&quot;loop&quot;:&quot;1&quot;,&quot;autoplay&quot;:&quot;1&quot;,&quot;autoplayspeed&quot;:&quot;3000&quot;,&quot;speed&quot;:&quot;300&quot;,&quot;rtl&quot;:0}\">\n<div class=\"wppap-popup-img-slick\">\n\t\t\t\t\t<img decoding=\"async\" src=\"https:\/\/test.stavoprojekta.cz\/wp-content\/uploads\/2025\/03\/DSC_3578-scaled.jpg\" alt=\"Lod\u017eie s hlin\u00edkov\u00fdm z\u00e1bradl\u00edm\" \/><\/p>\n<div class=\"wppap-popup-img-info\">Lod\u017eie s hlin\u00edkov\u00fdm z\u00e1bradl\u00edm<\/div>\n<\/p><\/div>\n<div class=\"wppap-popup-img-slick\">\n\t\t\t\t\t<img decoding=\"async\" src=\"https:\/\/test.stavoprojekta.cz\/wp-content\/uploads\/2025\/03\/DSC_3557-scaled.jpg\" alt=\"Lod\u017eie s hlin\u00edkov\u00fdm z\u00e1bradl\u00edm\" \/><\/p>\n<div class=\"wppap-popup-img-info\">Lod\u017eie s hlin\u00edkov\u00fdm z\u00e1bradl\u00edm<\/div>\n<\/p><\/div>\n<div class=\"wppap-popup-img-slick\">\n\t\t\t\t\t<img decoding=\"async\" src=\"https:\/\/test.stavoprojekta.cz\/wp-content\/uploads\/2025\/05\/DSC_3578-scaled.webp\" alt=\"Lod\u017eie s hlin\u00edkov\u00fdm z\u00e1bradl\u00edm\" \/><\/p>\n<div class=\"wppap-popup-img-info\">Lod\u017eie s hlin\u00edkov\u00fdm z\u00e1bradl\u00edm<\/div>\n<\/p><\/div>\n<div class=\"wppap-popup-img-slick\">\n\t\t\t\t\t<img decoding=\"async\" src=\"https:\/\/test.stavoprojekta.cz\/wp-content\/uploads\/2025\/05\/DSC_3574-scaled.webp\" alt=\"Lod\u017eie s hlin\u00edkov\u00fdm z\u00e1bradl\u00edm\" \/><\/p>\n<div class=\"wppap-popup-img-info\">Lod\u017eie s hlin\u00edkov\u00fdm z\u00e1bradl\u00edm<\/div>\n<\/p><\/div>\n<div class=\"wppap-popup-img-slick\">\n\t\t\t\t\t<img decoding=\"async\" src=\"https:\/\/test.stavoprojekta.cz\/wp-content\/uploads\/2025\/05\/DJI_20240822112023_0144_D-scaled.webp\" alt=\"Lod\u017eie s hlin\u00edkov\u00fdm z\u00e1bradl\u00edm\" \/><\/p>\n<div class=\"wppap-popup-img-info\">Lod\u017eie s hlin\u00edkov\u00fdm z\u00e1bradl\u00edm<\/div>\n<\/p><\/div>\n<div class=\"wppap-popup-img-slick\">\n\t\t\t\t\t<img decoding=\"async\" src=\"https:\/\/test.stavoprojekta.cz\/wp-content\/uploads\/2025\/05\/DJI_20240822111855_0140_D-scaled.webp\" alt=\"Lod\u017eie s hlin\u00edkov\u00fdm z\u00e1bradl\u00edm\" \/><\/p>\n<div class=\"wppap-popup-img-info\">Lod\u017eie s hlin\u00edkov\u00fdm z\u00e1bradl\u00edm<\/div>\n<\/p><\/div>\n<div class=\"wppap-popup-img-slick\">\n\t\t\t\t\t<img decoding=\"async\" src=\"https:\/\/test.stavoprojekta.cz\/wp-content\/uploads\/2025\/05\/DJI_20240822111725_0138_D-scaled.webp\" alt=\"Lod\u017eie s hlin\u00edkov\u00fdm z\u00e1bradl\u00edm\" \/><\/p>\n<div class=\"wppap-popup-img-info\">Lod\u017eie s hlin\u00edkov\u00fdm z\u00e1bradl\u00edm<\/div>\n<\/p><\/div>\n<div class=\"wppap-popup-img-slick\">\n\t\t\t\t\t<img decoding=\"async\" src=\"https:\/\/test.stavoprojekta.cz\/wp-content\/uploads\/2025\/05\/DSC_3574-scaled.webp\" alt=\"Lod\u017eie s hlin\u00edkov\u00fdm z\u00e1bradl\u00edm\" \/><\/p>\n<div class=\"wppap-popup-img-info\">Lod\u017eie s hlin\u00edkov\u00fdm z\u00e1bradl\u00edm<\/div>\n<\/p><\/div>\n<\/p><\/div>\n<div class=\"wppap-pop-other-content\">\n<div class=\"wppap-popup-portfolio-title\">Langrova 1b &#8211; Brno, Slatina<\/div>\n<div class=\"wppap-popup-portfolio-content\">\n<p>V\u00fdstavba nov\u00fdch lod\u017ei\u00ed<br \/>\nZateplen\u00ed budovy<\/p>\n<\/div>\n<table class=\"wppap-portfolio-meta-tbl\">\n<tbody>\n<tr>\n<th>Categories :<\/th>\n<td>\n<div class=\"wppap-popup-cats\"><span class=\"wppap-portfolio-cat wppap-cat-21\">Mont\u00e1\u017e lod\u017ei\u00ed<\/span><\/div>\n<\/td>\n<\/tr>\n<tr>\n<th>Skills :<\/th>\n<td>\n<div class=\"wppap-popup-tags\"><span class=\"wppap-portfolio-cat wppap-cat-27\">2021<\/span><\/div>\n<\/td>\n<\/tr>\n<\/tbody>\n<\/table><\/div>\n<\/div>\n<p>\n<\/p>\t\t\t\t\t\t\t\t<\/div>\n\t\t\t\t<\/div>\n\t\t\t\t\t<\/div>\n\t\t\t\t<\/div>\n\t\t\t\t<\/div>\n\t\t","protected":false},"excerpt":{"rendered":"","protected":false},"author":1,"featured_media":0,"parent":0,"menu_order":0,"comment_status":"closed","ping_status":"closed","template":"","meta":{"footnotes":""},"class_list":["post-15769","page","type-page","status-publish","hentry"],"yoast_head":"<!-- This site is optimized with the Yoast SEO plugin v24.8 - https:\/\/yoast.com\/wordpress\/plugins\/seo\/ -->\n<title>Reference - STAVOPROJEKTA stavebn\u00ed firma, a.s.<\/title>\n<meta name=\"robots\" content=\"index, follow, max-snippet:-1, max-image-preview:large, max-video-preview:-1\" \/>\n<link rel=\"canonical\" href=\"https:\/\/test.stavoprojekta.cz\/index.php\/reference\/\" \/>\n<meta property=\"og:locale\" content=\"cs_CZ\" \/>\n<meta property=\"og:type\" content=\"article\" \/>\n<meta property=\"og:title\" content=\"Reference - STAVOPROJEKTA stavebn\u00ed firma, a.s.\" \/>\n<meta property=\"og:url\" content=\"https:\/\/test.stavoprojekta.cz\/index.php\/reference\/\" \/>\n<meta property=\"og:site_name\" content=\"STAVOPROJEKTA stavebn\u00ed firma, a.s.\" \/>\n<meta property=\"article:publisher\" content=\"https:\/\/www.facebook.com\/igstavoprojekta\" \/>\n<meta property=\"article:modified_time\" content=\"2025-05-21T14:26:30+00:00\" \/>\n<meta name=\"twitter:card\" content=\"summary_large_image\" \/>\n<meta name=\"twitter:label1\" content=\"Odhadovan\u00e1 doba \u010dten\u00ed\" \/>\n\t<meta name=\"twitter:data1\" content=\"1 minuta\" \/>\n<script type=\"application\/ld+json\" class=\"yoast-schema-graph\">{\"@context\":\"https:\/\/schema.org\",\"@graph\":[{\"@type\":\"WebPage\",\"@id\":\"https:\/\/test.stavoprojekta.cz\/index.php\/reference\/\",\"url\":\"https:\/\/test.stavoprojekta.cz\/index.php\/reference\/\",\"name\":\"Reference - STAVOPROJEKTA stavebn\u00ed firma, a.s.\",\"isPartOf\":{\"@id\":\"https:\/\/test.stavoprojekta.cz\/#website\"},\"datePublished\":\"2025-05-16T09:10:53+00:00\",\"dateModified\":\"2025-05-21T14:26:30+00:00\",\"breadcrumb\":{\"@id\":\"https:\/\/test.stavoprojekta.cz\/index.php\/reference\/#breadcrumb\"},\"inLanguage\":\"cs\",\"potentialAction\":[{\"@type\":\"ReadAction\",\"target\":[\"https:\/\/test.stavoprojekta.cz\/index.php\/reference\/\"]}]},{\"@type\":\"BreadcrumbList\",\"@id\":\"https:\/\/test.stavoprojekta.cz\/index.php\/reference\/#breadcrumb\",\"itemListElement\":[{\"@type\":\"ListItem\",\"position\":1,\"name\":\"Dom\u016f\",\"item\":\"https:\/\/test.stavoprojekta.cz\/\"},{\"@type\":\"ListItem\",\"position\":2,\"name\":\"Reference\"}]},{\"@type\":\"WebSite\",\"@id\":\"https:\/\/test.stavoprojekta.cz\/#website\",\"url\":\"https:\/\/test.stavoprojekta.cz\/\",\"name\":\"STAVOPROJEKTA stavebn\u00ed firma, a.s.\",\"description\":\"Revitalizace bytov\u00fdch dom\u016f a administrativn\u00edch budov\",\"publisher\":{\"@id\":\"https:\/\/test.stavoprojekta.cz\/#organization\"},\"potentialAction\":[{\"@type\":\"SearchAction\",\"target\":{\"@type\":\"EntryPoint\",\"urlTemplate\":\"https:\/\/test.stavoprojekta.cz\/?s={search_term_string}\"},\"query-input\":{\"@type\":\"PropertyValueSpecification\",\"valueRequired\":true,\"valueName\":\"search_term_string\"}}],\"inLanguage\":\"cs\"},{\"@type\":\"Organization\",\"@id\":\"https:\/\/test.stavoprojekta.cz\/#organization\",\"name\":\"STAVOPROJEKTA stavebn\u00ed firma, a.s.\",\"url\":\"https:\/\/test.stavoprojekta.cz\/\",\"logo\":{\"@type\":\"ImageObject\",\"inLanguage\":\"cs\",\"@id\":\"https:\/\/test.stavoprojekta.cz\/#\/schema\/logo\/image\/\",\"url\":\"https:\/\/test.stavoprojekta.cz\/wp-content\/uploads\/2025\/03\/logo.png\",\"contentUrl\":\"https:\/\/test.stavoprojekta.cz\/wp-content\/uploads\/2025\/03\/logo.png\",\"width\":355,\"height\":57,\"caption\":\"STAVOPROJEKTA stavebn\u00ed firma, a.s.\"},\"image\":{\"@id\":\"https:\/\/test.stavoprojekta.cz\/#\/schema\/logo\/image\/\"},\"sameAs\":[\"https:\/\/www.facebook.com\/igstavoprojekta\",\"https:\/\/www.instagram.com\/stavoprojekta\/\",\"https:\/\/www.youtube.com\/@stavoprojekta\"]}]}<\/script>\n<!-- \/ Yoast SEO plugin. -->","yoast_head_json":{"title":"Reference - STAVOPROJEKTA stavebn\u00ed firma, a.s.","robots":{"index":"index","follow":"follow","max-snippet":"max-snippet:-1","max-image-preview":"max-image-preview:large","max-video-preview":"max-video-preview:-1"},"canonical":"https:\/\/test.stavoprojekta.cz\/index.php\/reference\/","og_locale":"cs_CZ","og_type":"article","og_title":"Reference - STAVOPROJEKTA stavebn\u00ed firma, a.s.","og_url":"https:\/\/test.stavoprojekta.cz\/index.php\/reference\/","og_site_name":"STAVOPROJEKTA stavebn\u00ed firma, a.s.","article_publisher":"https:\/\/www.facebook.com\/igstavoprojekta","article_modified_time":"2025-05-21T14:26:30+00:00","twitter_card":"summary_large_image","twitter_misc":{"Odhadovan\u00e1 doba \u010dten\u00ed":"1 minuta"},"schema":{"@context":"https:\/\/schema.org","@graph":[{"@type":"WebPage","@id":"https:\/\/test.stavoprojekta.cz\/index.php\/reference\/","url":"https:\/\/test.stavoprojekta.cz\/index.php\/reference\/","name":"Reference - STAVOPROJEKTA stavebn\u00ed firma, a.s.","isPartOf":{"@id":"https:\/\/test.stavoprojekta.cz\/#website"},"datePublished":"2025-05-16T09:10:53+00:00","dateModified":"2025-05-21T14:26:30+00:00","breadcrumb":{"@id":"https:\/\/test.stavoprojekta.cz\/index.php\/reference\/#breadcrumb"},"inLanguage":"cs","potentialAction":[{"@type":"ReadAction","target":["https:\/\/test.stavoprojekta.cz\/index.php\/reference\/"]}]},{"@type":"BreadcrumbList","@id":"https:\/\/test.stavoprojekta.cz\/index.php\/reference\/#breadcrumb","itemListElement":[{"@type":"ListItem","position":1,"name":"Dom\u016f","item":"https:\/\/test.stavoprojekta.cz\/"},{"@type":"ListItem","position":2,"name":"Reference"}]},{"@type":"WebSite","@id":"https:\/\/test.stavoprojekta.cz\/#website","url":"https:\/\/test.stavoprojekta.cz\/","name":"STAVOPROJEKTA stavebn\u00ed firma, a.s.","description":"Revitalizace bytov\u00fdch dom\u016f a administrativn\u00edch budov","publisher":{"@id":"https:\/\/test.stavoprojekta.cz\/#organization"},"potentialAction":[{"@type":"SearchAction","target":{"@type":"EntryPoint","urlTemplate":"https:\/\/test.stavoprojekta.cz\/?s={search_term_string}"},"query-input":{"@type":"PropertyValueSpecification","valueRequired":true,"valueName":"search_term_string"}}],"inLanguage":"cs"},{"@type":"Organization","@id":"https:\/\/test.stavoprojekta.cz\/#organization","name":"STAVOPROJEKTA stavebn\u00ed firma, a.s.","url":"https:\/\/test.stavoprojekta.cz\/","logo":{"@type":"ImageObject","inLanguage":"cs","@id":"https:\/\/test.stavoprojekta.cz\/#\/schema\/logo\/image\/","url":"https:\/\/test.stavoprojekta.cz\/wp-content\/uploads\/2025\/03\/logo.png","contentUrl":"https:\/\/test.stavoprojekta.cz\/wp-content\/uploads\/2025\/03\/logo.png","width":355,"height":57,"caption":"STAVOPROJEKTA stavebn\u00ed firma, a.s."},"image":{"@id":"https:\/\/test.stavoprojekta.cz\/#\/schema\/logo\/image\/"},"sameAs":["https:\/\/www.facebook.com\/igstavoprojekta","https:\/\/www.instagram.com\/stavoprojekta\/","https:\/\/www.youtube.com\/@stavoprojekta"]}]}},"_links":{"self":[{"href":"https:\/\/test.stavoprojekta.cz\/index.php\/wp-json\/wp\/v2\/pages\/15769","targetHints":{"allow":["GET"]}}],"collection":[{"href":"https:\/\/test.stavoprojekta.cz\/index.php\/wp-json\/wp\/v2\/pages"}],"about":[{"href":"https:\/\/test.stavoprojekta.cz\/index.php\/wp-json\/wp\/v2\/types\/page"}],"author":[{"embeddable":true,"href":"https:\/\/test.stavoprojekta.cz\/index.php\/wp-json\/wp\/v2\/users\/1"}],"replies":[{"embeddable":true,"href":"https:\/\/test.stavoprojekta.cz\/index.php\/wp-json\/wp\/v2\/comments?post=15769"}],"version-history":[{"count":24,"href":"https:\/\/test.stavoprojekta.cz\/index.php\/wp-json\/wp\/v2\/pages\/15769\/revisions"}],"predecessor-version":[{"id":15866,"href":"https:\/\/test.stavoprojekta.cz\/index.php\/wp-json\/wp\/v2\/pages\/15769\/revisions\/15866"}],"wp:attachment":[{"href":"https:\/\/test.stavoprojekta.cz\/index.php\/wp-json\/wp\/v2\/media?parent=15769"}],"curies":[{"name":"wp","href":"https:\/\/api.w.org\/{rel}","templated":true}]}}