{"id":15790,"date":"2025-05-16T12:11:18","date_gmt":"2025-05-16T11:11:18","guid":{"rendered":"https:\/\/test.stavoprojekta.cz\/?page_id=15790"},"modified":"2025-05-16T12:11:18","modified_gmt":"2025-05-16T11:11:18","slug":"zabradli","status":"publish","type":"page","link":"https:\/\/test.stavoprojekta.cz\/index.php\/zabradli\/","title":{"rendered":"Z\u00e1bradl\u00ed"},"content":{"rendered":"\n<p>Str\u00e1nka o z\u00e1brad\u016f\u00ed<\/p>\n","protected":false},"excerpt":{"rendered":"<p>Str\u00e1nka o z\u00e1brad\u016f\u00ed<\/p>\n","protected":false},"author":1,"featured_media":0,"parent":0,"menu_order":0,"comment_status":"closed","ping_status":"closed","template":"","meta":{"footnotes":""},"class_list":["post-15790","page","type-page","status-publish","hentry"],"yoast_head":"<!-- This site is optimized with the Yoast SEO plugin v24.8 - https:\/\/yoast.com\/wordpress\/plugins\/seo\/ -->\n<title>Z\u00e1bradl\u00ed - STAVOPROJEKTA stavebn\u00ed firma, a.s.<\/title>\n<meta name=\"robots\" content=\"index, follow, max-snippet:-1, max-image-preview:large, max-video-preview:-1\" \/>\n<link rel=\"canonical\" href=\"https:\/\/test.stavoprojekta.cz\/index.php\/zabradli\/\" \/>\n<meta property=\"og:locale\" content=\"cs_CZ\" \/>\n<meta property=\"og:type\" content=\"article\" \/>\n<meta property=\"og:title\" content=\"Z\u00e1bradl\u00ed - STAVOPROJEKTA stavebn\u00ed firma, a.s.\" \/>\n<meta property=\"og:description\" content=\"Str\u00e1nka o z\u00e1brad\u016f\u00ed\" \/>\n<meta property=\"og:url\" content=\"https:\/\/test.stavoprojekta.cz\/index.php\/zabradli\/\" \/>\n<meta property=\"og:site_name\" content=\"STAVOPROJEKTA stavebn\u00ed firma, a.s.\" \/>\n<meta property=\"article:publisher\" content=\"https:\/\/www.facebook.com\/igstavoprojekta\" \/>\n<meta name=\"twitter:card\" content=\"summary_large_image\" \/>\n<meta name=\"twitter:label1\" content=\"Odhadovan\u00e1 doba \u010dten\u00ed\" \/>\n\t<meta name=\"twitter:data1\" content=\"1 minuta\" \/>\n<script type=\"application\/ld+json\" class=\"yoast-schema-graph\">{\"@context\":\"https:\/\/schema.org\",\"@graph\":[{\"@type\":\"WebPage\",\"@id\":\"https:\/\/test.stavoprojekta.cz\/index.php\/zabradli\/\",\"url\":\"https:\/\/test.stavoprojekta.cz\/index.php\/zabradli\/\",\"name\":\"Z\u00e1bradl\u00ed - STAVOPROJEKTA stavebn\u00ed firma, a.s.\",\"isPartOf\":{\"@id\":\"https:\/\/test.stavoprojekta.cz\/#website\"},\"datePublished\":\"2025-05-16T11:11:18+00:00\",\"breadcrumb\":{\"@id\":\"https:\/\/test.stavoprojekta.cz\/index.php\/zabradli\/#breadcrumb\"},\"inLanguage\":\"cs\",\"potentialAction\":[{\"@type\":\"ReadAction\",\"target\":[\"https:\/\/test.stavoprojekta.cz\/index.php\/zabradli\/\"]}]},{\"@type\":\"BreadcrumbList\",\"@id\":\"https:\/\/test.stavoprojekta.cz\/index.php\/zabradli\/#breadcrumb\",\"itemListElement\":[{\"@type\":\"ListItem\",\"position\":1,\"name\":\"Dom\u016f\",\"item\":\"https:\/\/test.stavoprojekta.cz\/\"},{\"@type\":\"ListItem\",\"position\":2,\"name\":\"Z\u00e1bradl\u00ed\"}]},{\"@type\":\"WebSite\",\"@id\":\"https:\/\/test.stavoprojekta.cz\/#website\",\"url\":\"https:\/\/test.stavoprojekta.cz\/\",\"name\":\"STAVOPROJEKTA stavebn\u00ed firma, a.s.\",\"description\":\"Revitalizace bytov\u00fdch dom\u016f a administrativn\u00edch budov\",\"publisher\":{\"@id\":\"https:\/\/test.stavoprojekta.cz\/#organization\"},\"potentialAction\":[{\"@type\":\"SearchAction\",\"target\":{\"@type\":\"EntryPoint\",\"urlTemplate\":\"https:\/\/test.stavoprojekta.cz\/?s={search_term_string}\"},\"query-input\":{\"@type\":\"PropertyValueSpecification\",\"valueRequired\":true,\"valueName\":\"search_term_string\"}}],\"inLanguage\":\"cs\"},{\"@type\":\"Organization\",\"@id\":\"https:\/\/test.stavoprojekta.cz\/#organization\",\"name\":\"STAVOPROJEKTA stavebn\u00ed firma, a.s.\",\"url\":\"https:\/\/test.stavoprojekta.cz\/\",\"logo\":{\"@type\":\"ImageObject\",\"inLanguage\":\"cs\",\"@id\":\"https:\/\/test.stavoprojekta.cz\/#\/schema\/logo\/image\/\",\"url\":\"https:\/\/test.stavoprojekta.cz\/wp-content\/uploads\/2025\/03\/logo.png\",\"contentUrl\":\"https:\/\/test.stavoprojekta.cz\/wp-content\/uploads\/2025\/03\/logo.png\",\"width\":355,\"height\":57,\"caption\":\"STAVOPROJEKTA stavebn\u00ed firma, a.s.\"},\"image\":{\"@id\":\"https:\/\/test.stavoprojekta.cz\/#\/schema\/logo\/image\/\"},\"sameAs\":[\"https:\/\/www.facebook.com\/igstavoprojekta\",\"https:\/\/www.instagram.com\/stavoprojekta\/\",\"https:\/\/www.youtube.com\/@stavoprojekta\"]}]}<\/script>\n<!-- \/ Yoast SEO plugin. -->","yoast_head_json":{"title":"Z\u00e1bradl\u00ed - STAVOPROJEKTA stavebn\u00ed firma, a.s.","robots":{"index":"index","follow":"follow","max-snippet":"max-snippet:-1","max-image-preview":"max-image-preview:large","max-video-preview":"max-video-preview:-1"},"canonical":"https:\/\/test.stavoprojekta.cz\/index.php\/zabradli\/","og_locale":"cs_CZ","og_type":"article","og_title":"Z\u00e1bradl\u00ed - STAVOPROJEKTA stavebn\u00ed firma, a.s.","og_description":"Str\u00e1nka o z\u00e1brad\u016f\u00ed","og_url":"https:\/\/test.stavoprojekta.cz\/index.php\/zabradli\/","og_site_name":"STAVOPROJEKTA stavebn\u00ed firma, a.s.","article_publisher":"https:\/\/www.facebook.com\/igstavoprojekta","twitter_card":"summary_large_image","twitter_misc":{"Odhadovan\u00e1 doba \u010dten\u00ed":"1 minuta"},"schema":{"@context":"https:\/\/schema.org","@graph":[{"@type":"WebPage","@id":"https:\/\/test.stavoprojekta.cz\/index.php\/zabradli\/","url":"https:\/\/test.stavoprojekta.cz\/index.php\/zabradli\/","name":"Z\u00e1bradl\u00ed - STAVOPROJEKTA stavebn\u00ed firma, a.s.","isPartOf":{"@id":"https:\/\/test.stavoprojekta.cz\/#website"},"datePublished":"2025-05-16T11:11:18+00:00","breadcrumb":{"@id":"https:\/\/test.stavoprojekta.cz\/index.php\/zabradli\/#breadcrumb"},"inLanguage":"cs","potentialAction":[{"@type":"ReadAction","target":["https:\/\/test.stavoprojekta.cz\/index.php\/zabradli\/"]}]},{"@type":"BreadcrumbList","@id":"https:\/\/test.stavoprojekta.cz\/index.php\/zabradli\/#breadcrumb","itemListElement":[{"@type":"ListItem","position":1,"name":"Dom\u016f","item":"https:\/\/test.stavoprojekta.cz\/"},{"@type":"ListItem","position":2,"name":"Z\u00e1bradl\u00ed"}]},{"@type":"WebSite","@id":"https:\/\/test.stavoprojekta.cz\/#website","url":"https:\/\/test.stavoprojekta.cz\/","name":"STAVOPROJEKTA stavebn\u00ed firma, a.s.","description":"Revitalizace bytov\u00fdch dom\u016f a administrativn\u00edch budov","publisher":{"@id":"https:\/\/test.stavoprojekta.cz\/#organization"},"potentialAction":[{"@type":"SearchAction","target":{"@type":"EntryPoint","urlTemplate":"https:\/\/test.stavoprojekta.cz\/?s={search_term_string}"},"query-input":{"@type":"PropertyValueSpecification","valueRequired":true,"valueName":"search_term_string"}}],"inLanguage":"cs"},{"@type":"Organization","@id":"https:\/\/test.stavoprojekta.cz\/#organization","name":"STAVOPROJEKTA stavebn\u00ed firma, a.s.","url":"https:\/\/test.stavoprojekta.cz\/","logo":{"@type":"ImageObject","inLanguage":"cs","@id":"https:\/\/test.stavoprojekta.cz\/#\/schema\/logo\/image\/","url":"https:\/\/test.stavoprojekta.cz\/wp-content\/uploads\/2025\/03\/logo.png","contentUrl":"https:\/\/test.stavoprojekta.cz\/wp-content\/uploads\/2025\/03\/logo.png","width":355,"height":57,"caption":"STAVOPROJEKTA stavebn\u00ed firma, a.s."},"image":{"@id":"https:\/\/test.stavoprojekta.cz\/#\/schema\/logo\/image\/"},"sameAs":["https:\/\/www.facebook.com\/igstavoprojekta","https:\/\/www.instagram.com\/stavoprojekta\/","https:\/\/www.youtube.com\/@stavoprojekta"]}]}},"_links":{"self":[{"href":"https:\/\/test.stavoprojekta.cz\/index.php\/wp-json\/wp\/v2\/pages\/15790","targetHints":{"allow":["GET"]}}],"collection":[{"href":"https:\/\/test.stavoprojekta.cz\/index.php\/wp-json\/wp\/v2\/pages"}],"about":[{"href":"https:\/\/test.stavoprojekta.cz\/index.php\/wp-json\/wp\/v2\/types\/page"}],"author":[{"embeddable":true,"href":"https:\/\/test.stavoprojekta.cz\/index.php\/wp-json\/wp\/v2\/users\/1"}],"replies":[{"embeddable":true,"href":"https:\/\/test.stavoprojekta.cz\/index.php\/wp-json\/wp\/v2\/comments?post=15790"}],"version-history":[{"count":1,"href":"https:\/\/test.stavoprojekta.cz\/index.php\/wp-json\/wp\/v2\/pages\/15790\/revisions"}],"predecessor-version":[{"id":15791,"href":"https:\/\/test.stavoprojekta.cz\/index.php\/wp-json\/wp\/v2\/pages\/15790\/revisions\/15791"}],"wp:attachment":[{"href":"https:\/\/test.stavoprojekta.cz\/index.php\/wp-json\/wp\/v2\/media?parent=15790"}],"curies":[{"name":"wp","href":"https:\/\/api.w.org\/{rel}","templated":true}]}}